{"id":2798,"date":"2022-04-07T13:04:22","date_gmt":"2022-04-07T13:04:22","guid":{"rendered":"http:\/\/www.grandjacquet.fr\/?post_type=product&#038;p=2798"},"modified":"2026-04-29T11:14:33","modified_gmt":"2026-04-29T11:14:33","slug":"le-sanglier-gourmand-blanc-2025","status":"publish","type":"product","link":"https:\/\/www.grandjacquet.fr\/en\/la-boutique-en-ligne\/le-sanglier-gourmand-blanc-2025\/","title":{"rendered":"le sanglier gourmand &#8211; blanc 2025"},"content":{"rendered":"<h6><span class=\"JsGRdQ\"><i class=\"fas fa-location-dot\"><\/i> Appellation<\/span><\/h6>\n<p><span class=\"JsGRdQ\">IGP Vaucluse - Organic wine<\/span><\/p>\n<h6><span class=\"JsGRdQ\"><i class=\"fas fa-wine-bottle\"><\/i> Grape Variety<\/span><\/h6>\n<p><span class=\"JsGRdQ\">100% Roussanne.<\/span><\/p>\n<h6><span class=\"JsGRdQ\"><i class=\"fas fa-chart-line\"><\/i> Yield<\/span><\/h6>\n<p><span class=\"JsGRdQ\">25hl\/ha<\/span><\/p>\n<h6><span class=\"JsGRdQ\"><i class=\"fas fa-cheese\"><\/i> Food paring suggestions<\/span><\/h6>\n<p><span class=\"JsGRdQ\">Parmentier of duck, Auvergne blue cheese, comt\u00e9 36 months, old mimolette, Bresse poultry with cream and truffle stuffing, foie gras, Pecorino with truffle.<\/span><\/p>\n<h6><span class=\"JsGRdQ\"><i class=\"far fa-hourglass\"><\/i> Potential<\/span><\/h6>\n<p><span class=\"JsGRdQ\">4-5 years<\/span><\/p>\n<h6><i class=\"far fa-file-pdf\"><\/i> Download the technical sheet<\/h6>\n<p><a href=\"https:\/\/www.grandjacquet.fr\/wp-content\/uploads\/2023\/01\/Le-sanglier-gourmand-A4-ANG.pdf\" target=\"_blank\" rel=\"noopener\">le sanglier gourmand \u2013 white 2020<\/a><\/p>\n<p>&nbsp;<\/p>\n<p>&nbsp;<\/p>\n<p>&nbsp;<\/p>","protected":false},"excerpt":{"rendered":"<p><span class=\"JsGRdQ\">A white wine on generosity, ample and balanced by a elegant freshness with yellow fruits, buttered, hay cut and finely wooded aromas. Pale yellow color, bright. Delicate nose on light buttery notes, yellow peach and cut hay. The mouth is round, ample and balanced by the freshness, on notes of vine peach, a light oakiness and bitterness are revealed in the finish. To drink fresh, avoid serving it too cold.<\/span><\/p>","protected":false},"featured_media":5160,"template":"","meta":{"_kad_post_transparent":"default","_kad_post_title":"","_kad_post_layout":"default","_kad_post_sidebar_id":"","_kad_post_content_style":"default","_kad_post_vertical_padding":"default","_kad_post_feature":"","_kad_post_feature_position":"","_kad_post_header":false,"_kad_post_footer":false,"_kad_post_classname":""},"product_brand":[],"product_cat":[38],"product_tag":[],"class_list":{"0":"post-2798","1":"product","2":"type-product","3":"status-publish","4":"has-post-thumbnail","6":"product_cat-le-sanglier-gourmand","8":"first","9":"outofstock","10":"taxable","11":"shipping-taxable","12":"purchasable","13":"product-type-simple","14":"entry","15":"content-bg","16":"loop-entry"},"yoast_head":"<!-- This site is optimized with the Yoast SEO plugin v27.5 - https:\/\/yoast.com\/product\/yoast-seo-wordpress\/ -->\n<title>Le sanglier gourmand | IGP Vaucluse | Grand Jacquet<\/title>\n<meta name=\"description\" content=\"Le sanglier gourmand, un vin blanc sur la g\u00e9n\u00e9rosit\u00e9 et gourmandise, ample et \u00e9quilibr\u00e9 par une fine fraicheur sur des notes de fruits jaunes, beurr\u00e9es.\" \/>\n<meta name=\"robots\" content=\"index, follow, max-snippet:-1, max-image-preview:large, max-video-preview:-1\" \/>\n<link rel=\"canonical\" href=\"https:\/\/www.grandjacquet.fr\/en\/la-boutique-en-ligne\/le-sanglier-gourmand-blanc-2025\/\" \/>\n<meta property=\"og:locale\" content=\"en_GB\" \/>\n<meta property=\"og:type\" content=\"article\" \/>\n<meta property=\"og:title\" content=\"Le sanglier gourmand | IGP Vaucluse | Grand Jacquet\" \/>\n<meta property=\"og:description\" content=\"Le sanglier gourmand, un vin blanc sur la g\u00e9n\u00e9rosit\u00e9 et gourmandise, ample et \u00e9quilibr\u00e9 par une fine fraicheur sur des notes de fruits jaunes, beurr\u00e9es.\" \/>\n<meta property=\"og:url\" content=\"https:\/\/www.grandjacquet.fr\/en\/la-boutique-en-ligne\/le-sanglier-gourmand-blanc-2025\/\" \/>\n<meta property=\"og:site_name\" content=\"Grand Jacquet\" \/>\n<meta property=\"article:publisher\" content=\"https:\/\/www.facebook.com\/people\/Domaine-Grand-Jacquet\/100063467950836\/\" \/>\n<meta property=\"article:modified_time\" content=\"2026-04-29T11:14:33+00:00\" \/>\n<meta property=\"og:image\" content=\"https:\/\/www.grandjacquet.fr\/wp-content\/uploads\/2022\/04\/sangliergourmandboutique.png\" \/>\n\t<meta property=\"og:image:width\" content=\"1080\" \/>\n\t<meta property=\"og:image:height\" content=\"1080\" \/>\n\t<meta property=\"og:image:type\" content=\"image\/png\" \/>\n<meta name=\"twitter:card\" content=\"summary_large_image\" \/>\n<meta name=\"twitter:site\" content=\"@domgrandjacquet\" \/>\n<script type=\"application\/ld+json\" class=\"yoast-schema-graph\">{\"@context\":\"https:\\\/\\\/schema.org\",\"@graph\":[{\"@type\":\"WebPage\",\"@id\":\"https:\\\/\\\/www.grandjacquet.fr\\\/la-boutique-en-ligne\\\/le-sanglier-gourmand-blanc-2025\\\/\",\"url\":\"https:\\\/\\\/www.grandjacquet.fr\\\/la-boutique-en-ligne\\\/le-sanglier-gourmand-blanc-2025\\\/\",\"name\":\"Le sanglier gourmand | IGP Vaucluse | Grand Jacquet\",\"isPartOf\":{\"@id\":\"https:\\\/\\\/www.grandjacquet.fr\\\/#website\"},\"primaryImageOfPage\":{\"@id\":\"https:\\\/\\\/www.grandjacquet.fr\\\/la-boutique-en-ligne\\\/le-sanglier-gourmand-blanc-2025\\\/#primaryimage\"},\"image\":{\"@id\":\"https:\\\/\\\/www.grandjacquet.fr\\\/la-boutique-en-ligne\\\/le-sanglier-gourmand-blanc-2025\\\/#primaryimage\"},\"thumbnailUrl\":\"https:\\\/\\\/www.grandjacquet.fr\\\/wp-content\\\/uploads\\\/2022\\\/04\\\/sangliergourmandboutique.png\",\"datePublished\":\"2022-04-07T13:04:22+00:00\",\"dateModified\":\"2026-04-29T11:14:33+00:00\",\"description\":\"Le sanglier gourmand, un vin blanc sur la g\u00e9n\u00e9rosit\u00e9 et gourmandise, ample et \u00e9quilibr\u00e9 par une fine fraicheur sur des notes de fruits jaunes, beurr\u00e9es.\",\"breadcrumb\":{\"@id\":\"https:\\\/\\\/www.grandjacquet.fr\\\/la-boutique-en-ligne\\\/le-sanglier-gourmand-blanc-2025\\\/#breadcrumb\"},\"inLanguage\":\"en-GB\",\"potentialAction\":[{\"@type\":\"ReadAction\",\"target\":[\"https:\\\/\\\/www.grandjacquet.fr\\\/la-boutique-en-ligne\\\/le-sanglier-gourmand-blanc-2025\\\/\"]}]},{\"@type\":\"ImageObject\",\"inLanguage\":\"en-GB\",\"@id\":\"https:\\\/\\\/www.grandjacquet.fr\\\/la-boutique-en-ligne\\\/le-sanglier-gourmand-blanc-2025\\\/#primaryimage\",\"url\":\"https:\\\/\\\/www.grandjacquet.fr\\\/wp-content\\\/uploads\\\/2022\\\/04\\\/sangliergourmandboutique.png\",\"contentUrl\":\"https:\\\/\\\/www.grandjacquet.fr\\\/wp-content\\\/uploads\\\/2022\\\/04\\\/sangliergourmandboutique.png\",\"width\":1080,\"height\":1080,\"caption\":\"Le sanglier gourmand\"},{\"@type\":\"BreadcrumbList\",\"@id\":\"https:\\\/\\\/www.grandjacquet.fr\\\/la-boutique-en-ligne\\\/le-sanglier-gourmand-blanc-2025\\\/#breadcrumb\",\"itemListElement\":[{\"@type\":\"ListItem\",\"position\":1,\"name\":\"Accueil\",\"item\":\"https:\\\/\\\/www.grandjacquet.fr\\\/\"},{\"@type\":\"ListItem\",\"position\":2,\"name\":\"La boutique en ligne\",\"item\":\"https:\\\/\\\/www.grandjacquet.fr\\\/la-boutique-en-ligne\\\/\"},{\"@type\":\"ListItem\",\"position\":3,\"name\":\"le sanglier gourmand &#8211; blanc 2025\"}]},{\"@type\":\"WebSite\",\"@id\":\"https:\\\/\\\/www.grandjacquet.fr\\\/#website\",\"url\":\"https:\\\/\\\/www.grandjacquet.fr\\\/\",\"name\":\"Grand Jacquet\",\"description\":\"\",\"publisher\":{\"@id\":\"https:\\\/\\\/www.grandjacquet.fr\\\/#organization\"},\"potentialAction\":[{\"@type\":\"SearchAction\",\"target\":{\"@type\":\"EntryPoint\",\"urlTemplate\":\"https:\\\/\\\/www.grandjacquet.fr\\\/?s={search_term_string}\"},\"query-input\":{\"@type\":\"PropertyValueSpecification\",\"valueRequired\":true,\"valueName\":\"search_term_string\"}}],\"inLanguage\":\"en-GB\"},{\"@type\":\"Organization\",\"@id\":\"https:\\\/\\\/www.grandjacquet.fr\\\/#organization\",\"name\":\"Domaine du Grand Jacquet\",\"alternateName\":\"Domaine Grand Jacquet\",\"url\":\"https:\\\/\\\/www.grandjacquet.fr\\\/\",\"logo\":{\"@type\":\"ImageObject\",\"inLanguage\":\"en-GB\",\"@id\":\"https:\\\/\\\/www.grandjacquet.fr\\\/#\\\/schema\\\/logo\\\/image\\\/\",\"url\":\"https:\\\/\\\/www.grandjacquet.fr\\\/wp-content\\\/uploads\\\/2022\\\/05\\\/lechene.png\",\"contentUrl\":\"https:\\\/\\\/www.grandjacquet.fr\\\/wp-content\\\/uploads\\\/2022\\\/05\\\/lechene.png\",\"width\":126,\"height\":95,\"caption\":\"Domaine du Grand Jacquet\"},\"image\":{\"@id\":\"https:\\\/\\\/www.grandjacquet.fr\\\/#\\\/schema\\\/logo\\\/image\\\/\"},\"sameAs\":[\"https:\\\/\\\/www.facebook.com\\\/people\\\/Domaine-Grand-Jacquet\\\/100063467950836\\\/\",\"https:\\\/\\\/x.com\\\/domgrandjacquet\",\"https:\\\/\\\/www.instagram.com\\\/domainegrandjacquet\\\/?hl=fr\"]}]}<\/script>\n<!-- \/ Yoast SEO plugin. -->","yoast_head_json":{"title":"Le sanglier gourmand | IGP Vaucluse | Grand Jacquet","description":"Le sanglier gourmand, un vin blanc sur la g\u00e9n\u00e9rosit\u00e9 et gourmandise, ample et \u00e9quilibr\u00e9 par une fine fraicheur sur des notes de fruits jaunes, beurr\u00e9es.","robots":{"index":"index","follow":"follow","max-snippet":"max-snippet:-1","max-image-preview":"max-image-preview:large","max-video-preview":"max-video-preview:-1"},"canonical":"https:\/\/www.grandjacquet.fr\/en\/la-boutique-en-ligne\/le-sanglier-gourmand-blanc-2025\/","og_locale":"en_GB","og_type":"article","og_title":"Le sanglier gourmand | IGP Vaucluse | Grand Jacquet","og_description":"Le sanglier gourmand, un vin blanc sur la g\u00e9n\u00e9rosit\u00e9 et gourmandise, ample et \u00e9quilibr\u00e9 par une fine fraicheur sur des notes de fruits jaunes, beurr\u00e9es.","og_url":"https:\/\/www.grandjacquet.fr\/en\/la-boutique-en-ligne\/le-sanglier-gourmand-blanc-2025\/","og_site_name":"Grand Jacquet","article_publisher":"https:\/\/www.facebook.com\/people\/Domaine-Grand-Jacquet\/100063467950836\/","article_modified_time":"2026-04-29T11:14:33+00:00","og_image":[{"width":1080,"height":1080,"url":"https:\/\/www.grandjacquet.fr\/wp-content\/uploads\/2022\/04\/sangliergourmandboutique.png","type":"image\/png"}],"twitter_card":"summary_large_image","twitter_site":"@domgrandjacquet","schema":{"@context":"https:\/\/schema.org","@graph":[{"@type":"WebPage","@id":"https:\/\/www.grandjacquet.fr\/la-boutique-en-ligne\/le-sanglier-gourmand-blanc-2025\/","url":"https:\/\/www.grandjacquet.fr\/la-boutique-en-ligne\/le-sanglier-gourmand-blanc-2025\/","name":"Le sanglier gourmand | IGP Vaucluse | Grand Jacquet","isPartOf":{"@id":"https:\/\/www.grandjacquet.fr\/#website"},"primaryImageOfPage":{"@id":"https:\/\/www.grandjacquet.fr\/la-boutique-en-ligne\/le-sanglier-gourmand-blanc-2025\/#primaryimage"},"image":{"@id":"https:\/\/www.grandjacquet.fr\/la-boutique-en-ligne\/le-sanglier-gourmand-blanc-2025\/#primaryimage"},"thumbnailUrl":"https:\/\/www.grandjacquet.fr\/wp-content\/uploads\/2022\/04\/sangliergourmandboutique.png","datePublished":"2022-04-07T13:04:22+00:00","dateModified":"2026-04-29T11:14:33+00:00","description":"Le sanglier gourmand, un vin blanc sur la g\u00e9n\u00e9rosit\u00e9 et gourmandise, ample et \u00e9quilibr\u00e9 par une fine fraicheur sur des notes de fruits jaunes, beurr\u00e9es.","breadcrumb":{"@id":"https:\/\/www.grandjacquet.fr\/la-boutique-en-ligne\/le-sanglier-gourmand-blanc-2025\/#breadcrumb"},"inLanguage":"en-GB","potentialAction":[{"@type":"ReadAction","target":["https:\/\/www.grandjacquet.fr\/la-boutique-en-ligne\/le-sanglier-gourmand-blanc-2025\/"]}]},{"@type":"ImageObject","inLanguage":"en-GB","@id":"https:\/\/www.grandjacquet.fr\/la-boutique-en-ligne\/le-sanglier-gourmand-blanc-2025\/#primaryimage","url":"https:\/\/www.grandjacquet.fr\/wp-content\/uploads\/2022\/04\/sangliergourmandboutique.png","contentUrl":"https:\/\/www.grandjacquet.fr\/wp-content\/uploads\/2022\/04\/sangliergourmandboutique.png","width":1080,"height":1080,"caption":"Le sanglier gourmand"},{"@type":"BreadcrumbList","@id":"https:\/\/www.grandjacquet.fr\/la-boutique-en-ligne\/le-sanglier-gourmand-blanc-2025\/#breadcrumb","itemListElement":[{"@type":"ListItem","position":1,"name":"Accueil","item":"https:\/\/www.grandjacquet.fr\/"},{"@type":"ListItem","position":2,"name":"La boutique en ligne","item":"https:\/\/www.grandjacquet.fr\/la-boutique-en-ligne\/"},{"@type":"ListItem","position":3,"name":"le sanglier gourmand &#8211; blanc 2025"}]},{"@type":"WebSite","@id":"https:\/\/www.grandjacquet.fr\/#website","url":"https:\/\/www.grandjacquet.fr\/","name":"Grand Jacquet","description":"","publisher":{"@id":"https:\/\/www.grandjacquet.fr\/#organization"},"potentialAction":[{"@type":"SearchAction","target":{"@type":"EntryPoint","urlTemplate":"https:\/\/www.grandjacquet.fr\/?s={search_term_string}"},"query-input":{"@type":"PropertyValueSpecification","valueRequired":true,"valueName":"search_term_string"}}],"inLanguage":"en-GB"},{"@type":"Organization","@id":"https:\/\/www.grandjacquet.fr\/#organization","name":"Domaine du Grand Jacquet","alternateName":"Domaine Grand Jacquet","url":"https:\/\/www.grandjacquet.fr\/","logo":{"@type":"ImageObject","inLanguage":"en-GB","@id":"https:\/\/www.grandjacquet.fr\/#\/schema\/logo\/image\/","url":"https:\/\/www.grandjacquet.fr\/wp-content\/uploads\/2022\/05\/lechene.png","contentUrl":"https:\/\/www.grandjacquet.fr\/wp-content\/uploads\/2022\/05\/lechene.png","width":126,"height":95,"caption":"Domaine du Grand Jacquet"},"image":{"@id":"https:\/\/www.grandjacquet.fr\/#\/schema\/logo\/image\/"},"sameAs":["https:\/\/www.facebook.com\/people\/Domaine-Grand-Jacquet\/100063467950836\/","https:\/\/x.com\/domgrandjacquet","https:\/\/www.instagram.com\/domainegrandjacquet\/?hl=fr"]}]}},"_links":{"self":[{"href":"https:\/\/www.grandjacquet.fr\/en\/wp-json\/wp\/v2\/product\/2798","targetHints":{"allow":["GET"]}}],"collection":[{"href":"https:\/\/www.grandjacquet.fr\/en\/wp-json\/wp\/v2\/product"}],"about":[{"href":"https:\/\/www.grandjacquet.fr\/en\/wp-json\/wp\/v2\/types\/product"}],"wp:featuredmedia":[{"embeddable":true,"href":"https:\/\/www.grandjacquet.fr\/en\/wp-json\/wp\/v2\/media\/5160"}],"wp:attachment":[{"href":"https:\/\/www.grandjacquet.fr\/en\/wp-json\/wp\/v2\/media?parent=2798"}],"wp:term":[{"taxonomy":"product_brand","embeddable":true,"href":"https:\/\/www.grandjacquet.fr\/en\/wp-json\/wp\/v2\/product_brand?post=2798"},{"taxonomy":"product_cat","embeddable":true,"href":"https:\/\/www.grandjacquet.fr\/en\/wp-json\/wp\/v2\/product_cat?post=2798"},{"taxonomy":"product_tag","embeddable":true,"href":"https:\/\/www.grandjacquet.fr\/en\/wp-json\/wp\/v2\/product_tag?post=2798"}],"curies":[{"name":"wp","href":"https:\/\/api.w.org\/{rel}","templated":true}]}}