{"id":2793,"date":"2022-04-07T12:59:11","date_gmt":"2022-04-07T12:59:11","guid":{"rendered":"http:\/\/www.grandjacquet.fr\/?post_type=product&#038;p=2793"},"modified":"2026-04-29T11:14:46","modified_gmt":"2026-04-29T11:14:46","slug":"les-planetes-blanc-2025","status":"publish","type":"product","link":"https:\/\/www.grandjacquet.fr\/en\/la-boutique-en-ligne\/les-planetes-blanc-2025\/","title":{"rendered":"les plan\u00e8tes &#8211; blanc 2025"},"content":{"rendered":"<h6><span class=\"JsGRdQ\"><i class=\"fas fa-location-dot\"><\/i> <\/span><span class=\"JsGRdQ\">Appellation<\/span><\/h6>\n<p><span class=\"JsGRdQ\">IGP Vaucluse - Organic wine<\/span><\/p>\n<h6><span class=\"JsGRdQ\"><i class=\"fas fa-wine-bottle\"><\/i> <\/span><span class=\"JsGRdQ\">Grape Variety<\/span><\/h6>\n<p class=\"_04xlpA direction-ltr align-justify para-style-body\"><span class=\"JsGRdQ\">Roussanne (50%) from Mazan, <\/span><span class=\"JsGRdQ\">Grenache (50%) from Crillon-Le-Brave.<\/span><\/p>\n<h6><i class=\"fas fa-chart-line\"><\/i> <span class=\"JsGRdQ\">Yield<\/span><\/h6>\n<p><span class=\"JsGRdQ\">25hl\/ha<\/span><\/p>\n<h6><i class=\"fas fa-cheese\"><\/i> <span class=\"JsGRdQ\">Food paring suggestions<\/span><\/h6>\n<p><span class=\"JsGRdQ\">Breaded escalope with black truffle and truffle risotto, truffle scramble, pan-fried foie gras with almonds, county 36 month, Brillat savarin, camembert di bufala with truffle, veal blanquette with mushrooms.<\/span><\/p>\n<h6><span class=\"JsGRdQ\"><i class=\"far fa-hourglass\"><\/i> <\/span><span class=\"JsGRdQ\">Potential<\/span><\/h6>\n<p><span class=\"JsGRdQ\">7-10 years<\/span><\/p>\n<h6><i class=\"far fa-file-pdf\"><\/i> Download the technical sheet<\/h6>\n<p><a href=\"https:\/\/www.grandjacquet.fr\/wp-content\/uploads\/2023\/10\/les-planetes-anglais.pdf\" target=\"_blank\" rel=\"noopener\">les plane\u0300tes blanc<\/a><\/p>","protected":false},"excerpt":{"rendered":"<p><span class=\"JsGRdQ\">An elegant gastronomic wine with notes of almond, fresh vanilla, yellow fruit and lightly wooded, long in the mouth. Light golden color. Delicate nose with notes of almond, light woody notes, fresh vanilla. The mouth is greedy, ample, balanced, with a certain fatness, long in mouth on the same notes as in the nose. To be opened 1 hour before tasting. To be drunk chilled, avoid serving it too cold.<\/span><\/p>","protected":false},"featured_media":5165,"template":"","meta":{"_kad_post_transparent":"default","_kad_post_title":"","_kad_post_layout":"default","_kad_post_sidebar_id":"","_kad_post_content_style":"default","_kad_post_vertical_padding":"default","_kad_post_feature":"","_kad_post_feature_position":"","_kad_post_header":false,"_kad_post_footer":false,"_kad_post_classname":""},"product_brand":[],"product_cat":[36],"product_tag":[],"class_list":{"0":"post-2793","1":"product","2":"type-product","3":"status-publish","4":"has-post-thumbnail","6":"product_cat-les-planetes","8":"first","9":"outofstock","10":"taxable","11":"shipping-taxable","12":"purchasable","13":"product-type-simple","14":"entry","15":"content-bg","16":"loop-entry"},"yoast_head":"<!-- This site is optimized with the Yoast SEO plugin v27.5 - https:\/\/yoast.com\/product\/yoast-seo-wordpress\/ -->\n<title>les plan\u00e8tes - blanc | AOC Ventoux | Grand Jacquet<\/title>\n<meta name=\"description\" content=\"les plan\u00e8tes - blanc, un vin de gastronomie \u00e9l\u00e9gant sur des notes d\u2019amande, de vanille fraiche, de fruits jaunes et l\u00e9g\u00e8rement bois\u00e9, long en bouche.\" \/>\n<meta name=\"robots\" content=\"index, follow, max-snippet:-1, max-image-preview:large, max-video-preview:-1\" \/>\n<link rel=\"canonical\" href=\"https:\/\/www.grandjacquet.fr\/en\/la-boutique-en-ligne\/les-planetes-blanc-2025\/\" \/>\n<meta property=\"og:locale\" content=\"en_GB\" \/>\n<meta property=\"og:type\" content=\"article\" \/>\n<meta property=\"og:title\" content=\"les plan\u00e8tes - blanc | AOC Ventoux | Grand Jacquet\" \/>\n<meta property=\"og:description\" content=\"les plan\u00e8tes - blanc, un vin de gastronomie \u00e9l\u00e9gant sur des notes d\u2019amande, de vanille fraiche, de fruits jaunes et l\u00e9g\u00e8rement bois\u00e9, long en bouche.\" \/>\n<meta property=\"og:url\" content=\"https:\/\/www.grandjacquet.fr\/en\/la-boutique-en-ligne\/les-planetes-blanc-2025\/\" \/>\n<meta property=\"og:site_name\" content=\"Grand Jacquet\" \/>\n<meta property=\"article:publisher\" content=\"https:\/\/www.facebook.com\/people\/Domaine-Grand-Jacquet\/100063467950836\/\" \/>\n<meta property=\"article:modified_time\" content=\"2026-04-29T11:14:46+00:00\" \/>\n<meta property=\"og:image\" content=\"https:\/\/www.grandjacquet.fr\/wp-content\/uploads\/2022\/04\/lesplanetesblanc.png\" \/>\n\t<meta property=\"og:image:width\" content=\"1080\" \/>\n\t<meta property=\"og:image:height\" content=\"1080\" \/>\n\t<meta property=\"og:image:type\" content=\"image\/png\" \/>\n<meta name=\"twitter:card\" content=\"summary_large_image\" \/>\n<meta name=\"twitter:site\" content=\"@domgrandjacquet\" \/>\n<script type=\"application\/ld+json\" class=\"yoast-schema-graph\">{\"@context\":\"https:\\\/\\\/schema.org\",\"@graph\":[{\"@type\":\"WebPage\",\"@id\":\"https:\\\/\\\/www.grandjacquet.fr\\\/la-boutique-en-ligne\\\/les-planetes-blanc-2025\\\/\",\"url\":\"https:\\\/\\\/www.grandjacquet.fr\\\/la-boutique-en-ligne\\\/les-planetes-blanc-2025\\\/\",\"name\":\"les plan\u00e8tes - blanc | AOC Ventoux | Grand Jacquet\",\"isPartOf\":{\"@id\":\"https:\\\/\\\/www.grandjacquet.fr\\\/#website\"},\"primaryImageOfPage\":{\"@id\":\"https:\\\/\\\/www.grandjacquet.fr\\\/la-boutique-en-ligne\\\/les-planetes-blanc-2025\\\/#primaryimage\"},\"image\":{\"@id\":\"https:\\\/\\\/www.grandjacquet.fr\\\/la-boutique-en-ligne\\\/les-planetes-blanc-2025\\\/#primaryimage\"},\"thumbnailUrl\":\"https:\\\/\\\/www.grandjacquet.fr\\\/wp-content\\\/uploads\\\/2022\\\/04\\\/lesplanetesblanc.png\",\"datePublished\":\"2022-04-07T12:59:11+00:00\",\"dateModified\":\"2026-04-29T11:14:46+00:00\",\"description\":\"les plan\u00e8tes - blanc, un vin de gastronomie \u00e9l\u00e9gant sur des notes d\u2019amande, de vanille fraiche, de fruits jaunes et l\u00e9g\u00e8rement bois\u00e9, long en bouche.\",\"breadcrumb\":{\"@id\":\"https:\\\/\\\/www.grandjacquet.fr\\\/la-boutique-en-ligne\\\/les-planetes-blanc-2025\\\/#breadcrumb\"},\"inLanguage\":\"en-GB\",\"potentialAction\":[{\"@type\":\"ReadAction\",\"target\":[\"https:\\\/\\\/www.grandjacquet.fr\\\/la-boutique-en-ligne\\\/les-planetes-blanc-2025\\\/\"]}]},{\"@type\":\"ImageObject\",\"inLanguage\":\"en-GB\",\"@id\":\"https:\\\/\\\/www.grandjacquet.fr\\\/la-boutique-en-ligne\\\/les-planetes-blanc-2025\\\/#primaryimage\",\"url\":\"https:\\\/\\\/www.grandjacquet.fr\\\/wp-content\\\/uploads\\\/2022\\\/04\\\/lesplanetesblanc.png\",\"contentUrl\":\"https:\\\/\\\/www.grandjacquet.fr\\\/wp-content\\\/uploads\\\/2022\\\/04\\\/lesplanetesblanc.png\",\"width\":1080,\"height\":1080,\"caption\":\"les plan\u00e8tes - blanc\"},{\"@type\":\"BreadcrumbList\",\"@id\":\"https:\\\/\\\/www.grandjacquet.fr\\\/la-boutique-en-ligne\\\/les-planetes-blanc-2025\\\/#breadcrumb\",\"itemListElement\":[{\"@type\":\"ListItem\",\"position\":1,\"name\":\"Accueil\",\"item\":\"https:\\\/\\\/www.grandjacquet.fr\\\/\"},{\"@type\":\"ListItem\",\"position\":2,\"name\":\"La boutique en ligne\",\"item\":\"https:\\\/\\\/www.grandjacquet.fr\\\/la-boutique-en-ligne\\\/\"},{\"@type\":\"ListItem\",\"position\":3,\"name\":\"les plan\u00e8tes &#8211; blanc 2025\"}]},{\"@type\":\"WebSite\",\"@id\":\"https:\\\/\\\/www.grandjacquet.fr\\\/#website\",\"url\":\"https:\\\/\\\/www.grandjacquet.fr\\\/\",\"name\":\"Grand Jacquet\",\"description\":\"\",\"publisher\":{\"@id\":\"https:\\\/\\\/www.grandjacquet.fr\\\/#organization\"},\"potentialAction\":[{\"@type\":\"SearchAction\",\"target\":{\"@type\":\"EntryPoint\",\"urlTemplate\":\"https:\\\/\\\/www.grandjacquet.fr\\\/?s={search_term_string}\"},\"query-input\":{\"@type\":\"PropertyValueSpecification\",\"valueRequired\":true,\"valueName\":\"search_term_string\"}}],\"inLanguage\":\"en-GB\"},{\"@type\":\"Organization\",\"@id\":\"https:\\\/\\\/www.grandjacquet.fr\\\/#organization\",\"name\":\"Domaine du Grand Jacquet\",\"alternateName\":\"Domaine Grand Jacquet\",\"url\":\"https:\\\/\\\/www.grandjacquet.fr\\\/\",\"logo\":{\"@type\":\"ImageObject\",\"inLanguage\":\"en-GB\",\"@id\":\"https:\\\/\\\/www.grandjacquet.fr\\\/#\\\/schema\\\/logo\\\/image\\\/\",\"url\":\"https:\\\/\\\/www.grandjacquet.fr\\\/wp-content\\\/uploads\\\/2022\\\/05\\\/lechene.png\",\"contentUrl\":\"https:\\\/\\\/www.grandjacquet.fr\\\/wp-content\\\/uploads\\\/2022\\\/05\\\/lechene.png\",\"width\":126,\"height\":95,\"caption\":\"Domaine du Grand Jacquet\"},\"image\":{\"@id\":\"https:\\\/\\\/www.grandjacquet.fr\\\/#\\\/schema\\\/logo\\\/image\\\/\"},\"sameAs\":[\"https:\\\/\\\/www.facebook.com\\\/people\\\/Domaine-Grand-Jacquet\\\/100063467950836\\\/\",\"https:\\\/\\\/x.com\\\/domgrandjacquet\",\"https:\\\/\\\/www.instagram.com\\\/domainegrandjacquet\\\/?hl=fr\"]}]}<\/script>\n<!-- \/ Yoast SEO plugin. -->","yoast_head_json":{"title":"les plan\u00e8tes - blanc | AOC Ventoux | Grand Jacquet","description":"les plan\u00e8tes - blanc, un vin de gastronomie \u00e9l\u00e9gant sur des notes d\u2019amande, de vanille fraiche, de fruits jaunes et l\u00e9g\u00e8rement bois\u00e9, long en bouche.","robots":{"index":"index","follow":"follow","max-snippet":"max-snippet:-1","max-image-preview":"max-image-preview:large","max-video-preview":"max-video-preview:-1"},"canonical":"https:\/\/www.grandjacquet.fr\/en\/la-boutique-en-ligne\/les-planetes-blanc-2025\/","og_locale":"en_GB","og_type":"article","og_title":"les plan\u00e8tes - blanc | AOC Ventoux | Grand Jacquet","og_description":"les plan\u00e8tes - blanc, un vin de gastronomie \u00e9l\u00e9gant sur des notes d\u2019amande, de vanille fraiche, de fruits jaunes et l\u00e9g\u00e8rement bois\u00e9, long en bouche.","og_url":"https:\/\/www.grandjacquet.fr\/en\/la-boutique-en-ligne\/les-planetes-blanc-2025\/","og_site_name":"Grand Jacquet","article_publisher":"https:\/\/www.facebook.com\/people\/Domaine-Grand-Jacquet\/100063467950836\/","article_modified_time":"2026-04-29T11:14:46+00:00","og_image":[{"width":1080,"height":1080,"url":"https:\/\/www.grandjacquet.fr\/wp-content\/uploads\/2022\/04\/lesplanetesblanc.png","type":"image\/png"}],"twitter_card":"summary_large_image","twitter_site":"@domgrandjacquet","schema":{"@context":"https:\/\/schema.org","@graph":[{"@type":"WebPage","@id":"https:\/\/www.grandjacquet.fr\/la-boutique-en-ligne\/les-planetes-blanc-2025\/","url":"https:\/\/www.grandjacquet.fr\/la-boutique-en-ligne\/les-planetes-blanc-2025\/","name":"les plan\u00e8tes - blanc | AOC Ventoux | Grand Jacquet","isPartOf":{"@id":"https:\/\/www.grandjacquet.fr\/#website"},"primaryImageOfPage":{"@id":"https:\/\/www.grandjacquet.fr\/la-boutique-en-ligne\/les-planetes-blanc-2025\/#primaryimage"},"image":{"@id":"https:\/\/www.grandjacquet.fr\/la-boutique-en-ligne\/les-planetes-blanc-2025\/#primaryimage"},"thumbnailUrl":"https:\/\/www.grandjacquet.fr\/wp-content\/uploads\/2022\/04\/lesplanetesblanc.png","datePublished":"2022-04-07T12:59:11+00:00","dateModified":"2026-04-29T11:14:46+00:00","description":"les plan\u00e8tes - blanc, un vin de gastronomie \u00e9l\u00e9gant sur des notes d\u2019amande, de vanille fraiche, de fruits jaunes et l\u00e9g\u00e8rement bois\u00e9, long en bouche.","breadcrumb":{"@id":"https:\/\/www.grandjacquet.fr\/la-boutique-en-ligne\/les-planetes-blanc-2025\/#breadcrumb"},"inLanguage":"en-GB","potentialAction":[{"@type":"ReadAction","target":["https:\/\/www.grandjacquet.fr\/la-boutique-en-ligne\/les-planetes-blanc-2025\/"]}]},{"@type":"ImageObject","inLanguage":"en-GB","@id":"https:\/\/www.grandjacquet.fr\/la-boutique-en-ligne\/les-planetes-blanc-2025\/#primaryimage","url":"https:\/\/www.grandjacquet.fr\/wp-content\/uploads\/2022\/04\/lesplanetesblanc.png","contentUrl":"https:\/\/www.grandjacquet.fr\/wp-content\/uploads\/2022\/04\/lesplanetesblanc.png","width":1080,"height":1080,"caption":"les plan\u00e8tes - blanc"},{"@type":"BreadcrumbList","@id":"https:\/\/www.grandjacquet.fr\/la-boutique-en-ligne\/les-planetes-blanc-2025\/#breadcrumb","itemListElement":[{"@type":"ListItem","position":1,"name":"Accueil","item":"https:\/\/www.grandjacquet.fr\/"},{"@type":"ListItem","position":2,"name":"La boutique en ligne","item":"https:\/\/www.grandjacquet.fr\/la-boutique-en-ligne\/"},{"@type":"ListItem","position":3,"name":"les plan\u00e8tes &#8211; blanc 2025"}]},{"@type":"WebSite","@id":"https:\/\/www.grandjacquet.fr\/#website","url":"https:\/\/www.grandjacquet.fr\/","name":"Grand Jacquet","description":"","publisher":{"@id":"https:\/\/www.grandjacquet.fr\/#organization"},"potentialAction":[{"@type":"SearchAction","target":{"@type":"EntryPoint","urlTemplate":"https:\/\/www.grandjacquet.fr\/?s={search_term_string}"},"query-input":{"@type":"PropertyValueSpecification","valueRequired":true,"valueName":"search_term_string"}}],"inLanguage":"en-GB"},{"@type":"Organization","@id":"https:\/\/www.grandjacquet.fr\/#organization","name":"Domaine du Grand Jacquet","alternateName":"Domaine Grand Jacquet","url":"https:\/\/www.grandjacquet.fr\/","logo":{"@type":"ImageObject","inLanguage":"en-GB","@id":"https:\/\/www.grandjacquet.fr\/#\/schema\/logo\/image\/","url":"https:\/\/www.grandjacquet.fr\/wp-content\/uploads\/2022\/05\/lechene.png","contentUrl":"https:\/\/www.grandjacquet.fr\/wp-content\/uploads\/2022\/05\/lechene.png","width":126,"height":95,"caption":"Domaine du Grand Jacquet"},"image":{"@id":"https:\/\/www.grandjacquet.fr\/#\/schema\/logo\/image\/"},"sameAs":["https:\/\/www.facebook.com\/people\/Domaine-Grand-Jacquet\/100063467950836\/","https:\/\/x.com\/domgrandjacquet","https:\/\/www.instagram.com\/domainegrandjacquet\/?hl=fr"]}]}},"_links":{"self":[{"href":"https:\/\/www.grandjacquet.fr\/en\/wp-json\/wp\/v2\/product\/2793","targetHints":{"allow":["GET"]}}],"collection":[{"href":"https:\/\/www.grandjacquet.fr\/en\/wp-json\/wp\/v2\/product"}],"about":[{"href":"https:\/\/www.grandjacquet.fr\/en\/wp-json\/wp\/v2\/types\/product"}],"wp:featuredmedia":[{"embeddable":true,"href":"https:\/\/www.grandjacquet.fr\/en\/wp-json\/wp\/v2\/media\/5165"}],"wp:attachment":[{"href":"https:\/\/www.grandjacquet.fr\/en\/wp-json\/wp\/v2\/media?parent=2793"}],"wp:term":[{"taxonomy":"product_brand","embeddable":true,"href":"https:\/\/www.grandjacquet.fr\/en\/wp-json\/wp\/v2\/product_brand?post=2793"},{"taxonomy":"product_cat","embeddable":true,"href":"https:\/\/www.grandjacquet.fr\/en\/wp-json\/wp\/v2\/product_cat?post=2793"},{"taxonomy":"product_tag","embeddable":true,"href":"https:\/\/www.grandjacquet.fr\/en\/wp-json\/wp\/v2\/product_tag?post=2793"}],"curies":[{"name":"wp","href":"https:\/\/api.w.org\/{rel}","templated":true}]}}