{"id":2783,"date":"2022-04-07T12:46:53","date_gmt":"2022-04-07T12:46:53","guid":{"rendered":"http:\/\/www.grandjacquet.fr\/?post_type=product&#038;p=2783"},"modified":"2026-02-27T13:51:21","modified_gmt":"2026-02-27T13:51:21","slug":"rendez-vous-sous-le-chene-rose-2025","status":"publish","type":"product","link":"https:\/\/www.grandjacquet.fr\/en\/la-boutique-en-ligne\/rendez-vous-sous-le-chene-rose-2025\/","title":{"rendered":"rendez-vous sous le ch\u00eane&#8230; &#8211; ros\u00e9 2025"},"content":{"rendered":"<h6><span class=\"JsGRdQ\"><i class=\"fas fa-location-dot\"><\/i> <\/span><span class=\"JsGRdQ\">Appellation<\/span><\/h6>\n<p><span class=\"JsGRdQ\">AOC Ventoux - Organic wine<\/span><\/p>\n<h6><span class=\"JsGRdQ\"><i class=\"fas fa-wine-bottle\"><\/i> <\/span><span class=\"JsGRdQ\">Grape Variety<\/span><\/h6>\n<p><span class=\"JsGRdQ\">Grenache (80%), Syrah (20%).<\/span><\/p>\n<h6><span class=\"JsGRdQ\"><i class=\"fas fa-chart-line\"><\/i>\u00a0<\/span><span class=\"JsGRdQ\">Yield<\/span><\/h6>\n<p><span class=\"JsGRdQ\">45hl\/ha<\/span><\/p>\n<h6><span class=\"JsGRdQ\"><i class=\"fas fa-cheese\"><\/i> <\/span><span class=\"JsGRdQ\">Food paring suggestions<\/span><\/h6>\n<p><span class=\"JsGRdQ\">Strawberry\/party salad highlighted with balsamic vinegar, salmon fillet with pink berries cooked in papillote, Tomme Du Berry Tomatoes And Olives, strawberry\/red fruit tart.<\/span><\/p>\n<h6><span class=\"JsGRdQ\"><i class=\"far fa-hourglass\"><\/i> <\/span><span class=\"JsGRdQ\">Potential<\/span><\/h6>\n<p><span class=\"JsGRdQ\">\u00c0 boire dans l&rsquo;ann\u00e9e. Se d\u00e9guste encore mieux l&rsquo;ann\u00e9e d&rsquo;apr\u00e8s.<\/span><\/p>\n<h6><i class=\"far fa-file-pdf\"><\/i> Download the technical sheet<\/h6>\n<p><a href=\"https:\/\/www.grandjacquet.fr\/wp-content\/uploads\/2023\/10\/rendez-vous-sous-le-chene-rose-anglais.pdf\" target=\"_blank\" rel=\"noopener\">rendez-vous sous le che\u0302ne&#8230; rose\u0301<\/a><\/p>","protected":false},"excerpt":{"rendered":"<p><span class=\"JsGRdQ\">A mealtime ros\u00e9 that changes from the ordinary! Round, ample in the attack and in the middle of the mouth, it will surprise you with its freshness in the finish on notes of wild fruits, strawberry and raspberry. Clear and bright copper color. Discreet nose, round and ample mouth balanced by a light acidulous touch in the finish, notes of small red fruits, strawberry, raspberry.<\/span><\/p>","protected":false},"featured_media":5173,"template":"","meta":{"_kad_post_transparent":"default","_kad_post_title":"","_kad_post_layout":"default","_kad_post_sidebar_id":"","_kad_post_content_style":"default","_kad_post_vertical_padding":"default","_kad_post_feature":"","_kad_post_feature_position":"","_kad_post_header":false,"_kad_post_footer":false,"_kad_post_classname":""},"product_brand":[],"product_cat":[32],"product_tag":[],"class_list":{"0":"post-2783","1":"product","2":"type-product","3":"status-publish","4":"has-post-thumbnail","6":"product_cat-rendez-vous-sous-le-chene","8":"first","9":"instock","10":"taxable","11":"shipping-taxable","12":"purchasable","13":"product-type-simple","14":"entry","15":"content-bg","16":"loop-entry"},"yoast_head":"<!-- This site is optimized with the Yoast SEO plugin v27.4 - https:\/\/yoast.com\/product\/yoast-seo-wordpress\/ -->\n<title>rendez-vous sous le ch\u00eane... ros\u00e9 | AOC Ventoux | Grand Jacquet<\/title>\n<meta name=\"description\" content=\"rendez-vous sous le ch\u00eane... ros\u00e9, un ros\u00e9 de repas qui change de l\u2019ordinaire ! Il vous surprendra de sa fra\u00eecheur sur des notes de fruits des bois.\" \/>\n<meta name=\"robots\" content=\"index, follow, max-snippet:-1, max-image-preview:large, max-video-preview:-1\" \/>\n<link rel=\"canonical\" href=\"https:\/\/www.grandjacquet.fr\/en\/la-boutique-en-ligne\/rendez-vous-sous-le-chene-rose-2025\/\" \/>\n<meta property=\"og:locale\" content=\"en_GB\" \/>\n<meta property=\"og:type\" content=\"article\" \/>\n<meta property=\"og:title\" content=\"rendez-vous sous le ch\u00eane... ros\u00e9 | AOC Ventoux | Grand Jacquet\" \/>\n<meta property=\"og:description\" content=\"rendez-vous sous le ch\u00eane... ros\u00e9, un ros\u00e9 de repas qui change de l\u2019ordinaire ! Il vous surprendra de sa fra\u00eecheur sur des notes de fruits des bois.\" \/>\n<meta property=\"og:url\" content=\"https:\/\/www.grandjacquet.fr\/en\/la-boutique-en-ligne\/rendez-vous-sous-le-chene-rose-2025\/\" \/>\n<meta property=\"og:site_name\" content=\"Grand Jacquet\" \/>\n<meta property=\"article:publisher\" content=\"https:\/\/www.facebook.com\/people\/Domaine-Grand-Jacquet\/100063467950836\/\" \/>\n<meta property=\"article:modified_time\" content=\"2026-02-27T13:51:21+00:00\" \/>\n<meta property=\"og:image\" content=\"https:\/\/www.grandjacquet.fr\/wp-content\/uploads\/2022\/04\/rdvsouslechenerose.png\" \/>\n\t<meta property=\"og:image:width\" content=\"1080\" \/>\n\t<meta property=\"og:image:height\" content=\"1080\" \/>\n\t<meta property=\"og:image:type\" content=\"image\/png\" \/>\n<meta name=\"twitter:card\" content=\"summary_large_image\" \/>\n<meta name=\"twitter:site\" content=\"@domgrandjacquet\" \/>\n<script type=\"application\/ld+json\" class=\"yoast-schema-graph\">{\"@context\":\"https:\\\/\\\/schema.org\",\"@graph\":[{\"@type\":\"WebPage\",\"@id\":\"https:\\\/\\\/www.grandjacquet.fr\\\/la-boutique-en-ligne\\\/rendez-vous-sous-le-chene-rose-2025\\\/\",\"url\":\"https:\\\/\\\/www.grandjacquet.fr\\\/la-boutique-en-ligne\\\/rendez-vous-sous-le-chene-rose-2025\\\/\",\"name\":\"rendez-vous sous le ch\u00eane... ros\u00e9 | AOC Ventoux | Grand Jacquet\",\"isPartOf\":{\"@id\":\"https:\\\/\\\/www.grandjacquet.fr\\\/#website\"},\"primaryImageOfPage\":{\"@id\":\"https:\\\/\\\/www.grandjacquet.fr\\\/la-boutique-en-ligne\\\/rendez-vous-sous-le-chene-rose-2025\\\/#primaryimage\"},\"image\":{\"@id\":\"https:\\\/\\\/www.grandjacquet.fr\\\/la-boutique-en-ligne\\\/rendez-vous-sous-le-chene-rose-2025\\\/#primaryimage\"},\"thumbnailUrl\":\"https:\\\/\\\/www.grandjacquet.fr\\\/wp-content\\\/uploads\\\/2022\\\/04\\\/rdvsouslechenerose.png\",\"datePublished\":\"2022-04-07T12:46:53+00:00\",\"dateModified\":\"2026-02-27T13:51:21+00:00\",\"description\":\"rendez-vous sous le ch\u00eane... ros\u00e9, un ros\u00e9 de repas qui change de l\u2019ordinaire ! Il vous surprendra de sa fra\u00eecheur sur des notes de fruits des bois.\",\"breadcrumb\":{\"@id\":\"https:\\\/\\\/www.grandjacquet.fr\\\/la-boutique-en-ligne\\\/rendez-vous-sous-le-chene-rose-2025\\\/#breadcrumb\"},\"inLanguage\":\"en-GB\",\"potentialAction\":[{\"@type\":\"ReadAction\",\"target\":[\"https:\\\/\\\/www.grandjacquet.fr\\\/la-boutique-en-ligne\\\/rendez-vous-sous-le-chene-rose-2025\\\/\"]}]},{\"@type\":\"ImageObject\",\"inLanguage\":\"en-GB\",\"@id\":\"https:\\\/\\\/www.grandjacquet.fr\\\/la-boutique-en-ligne\\\/rendez-vous-sous-le-chene-rose-2025\\\/#primaryimage\",\"url\":\"https:\\\/\\\/www.grandjacquet.fr\\\/wp-content\\\/uploads\\\/2022\\\/04\\\/rdvsouslechenerose.png\",\"contentUrl\":\"https:\\\/\\\/www.grandjacquet.fr\\\/wp-content\\\/uploads\\\/2022\\\/04\\\/rdvsouslechenerose.png\",\"width\":1080,\"height\":1080,\"caption\":\"rendez-vous sous le ch\u00eane... ros\u00e9\"},{\"@type\":\"BreadcrumbList\",\"@id\":\"https:\\\/\\\/www.grandjacquet.fr\\\/la-boutique-en-ligne\\\/rendez-vous-sous-le-chene-rose-2025\\\/#breadcrumb\",\"itemListElement\":[{\"@type\":\"ListItem\",\"position\":1,\"name\":\"Accueil\",\"item\":\"https:\\\/\\\/www.grandjacquet.fr\\\/\"},{\"@type\":\"ListItem\",\"position\":2,\"name\":\"La boutique en ligne\",\"item\":\"https:\\\/\\\/www.grandjacquet.fr\\\/la-boutique-en-ligne\\\/\"},{\"@type\":\"ListItem\",\"position\":3,\"name\":\"rendez-vous sous le ch\u00eane&#8230; &#8211; ros\u00e9 2025\"}]},{\"@type\":\"WebSite\",\"@id\":\"https:\\\/\\\/www.grandjacquet.fr\\\/#website\",\"url\":\"https:\\\/\\\/www.grandjacquet.fr\\\/\",\"name\":\"Grand Jacquet\",\"description\":\"\",\"publisher\":{\"@id\":\"https:\\\/\\\/www.grandjacquet.fr\\\/#organization\"},\"potentialAction\":[{\"@type\":\"SearchAction\",\"target\":{\"@type\":\"EntryPoint\",\"urlTemplate\":\"https:\\\/\\\/www.grandjacquet.fr\\\/?s={search_term_string}\"},\"query-input\":{\"@type\":\"PropertyValueSpecification\",\"valueRequired\":true,\"valueName\":\"search_term_string\"}}],\"inLanguage\":\"en-GB\"},{\"@type\":\"Organization\",\"@id\":\"https:\\\/\\\/www.grandjacquet.fr\\\/#organization\",\"name\":\"Domaine du Grand Jacquet\",\"alternateName\":\"Domaine Grand Jacquet\",\"url\":\"https:\\\/\\\/www.grandjacquet.fr\\\/\",\"logo\":{\"@type\":\"ImageObject\",\"inLanguage\":\"en-GB\",\"@id\":\"https:\\\/\\\/www.grandjacquet.fr\\\/#\\\/schema\\\/logo\\\/image\\\/\",\"url\":\"https:\\\/\\\/www.grandjacquet.fr\\\/wp-content\\\/uploads\\\/2022\\\/05\\\/lechene.png\",\"contentUrl\":\"https:\\\/\\\/www.grandjacquet.fr\\\/wp-content\\\/uploads\\\/2022\\\/05\\\/lechene.png\",\"width\":126,\"height\":95,\"caption\":\"Domaine du Grand Jacquet\"},\"image\":{\"@id\":\"https:\\\/\\\/www.grandjacquet.fr\\\/#\\\/schema\\\/logo\\\/image\\\/\"},\"sameAs\":[\"https:\\\/\\\/www.facebook.com\\\/people\\\/Domaine-Grand-Jacquet\\\/100063467950836\\\/\",\"https:\\\/\\\/x.com\\\/domgrandjacquet\",\"https:\\\/\\\/www.instagram.com\\\/domainegrandjacquet\\\/?hl=fr\"]}]}<\/script>\n<!-- \/ Yoast SEO plugin. -->","yoast_head_json":{"title":"rendez-vous sous le ch\u00eane... ros\u00e9 | AOC Ventoux | Grand Jacquet","description":"rendez-vous sous le ch\u00eane... ros\u00e9, un ros\u00e9 de repas qui change de l\u2019ordinaire ! Il vous surprendra de sa fra\u00eecheur sur des notes de fruits des bois.","robots":{"index":"index","follow":"follow","max-snippet":"max-snippet:-1","max-image-preview":"max-image-preview:large","max-video-preview":"max-video-preview:-1"},"canonical":"https:\/\/www.grandjacquet.fr\/en\/la-boutique-en-ligne\/rendez-vous-sous-le-chene-rose-2025\/","og_locale":"en_GB","og_type":"article","og_title":"rendez-vous sous le ch\u00eane... ros\u00e9 | AOC Ventoux | Grand Jacquet","og_description":"rendez-vous sous le ch\u00eane... ros\u00e9, un ros\u00e9 de repas qui change de l\u2019ordinaire ! Il vous surprendra de sa fra\u00eecheur sur des notes de fruits des bois.","og_url":"https:\/\/www.grandjacquet.fr\/en\/la-boutique-en-ligne\/rendez-vous-sous-le-chene-rose-2025\/","og_site_name":"Grand Jacquet","article_publisher":"https:\/\/www.facebook.com\/people\/Domaine-Grand-Jacquet\/100063467950836\/","article_modified_time":"2026-02-27T13:51:21+00:00","og_image":[{"width":1080,"height":1080,"url":"https:\/\/www.grandjacquet.fr\/wp-content\/uploads\/2022\/04\/rdvsouslechenerose.png","type":"image\/png"}],"twitter_card":"summary_large_image","twitter_site":"@domgrandjacquet","schema":{"@context":"https:\/\/schema.org","@graph":[{"@type":"WebPage","@id":"https:\/\/www.grandjacquet.fr\/la-boutique-en-ligne\/rendez-vous-sous-le-chene-rose-2025\/","url":"https:\/\/www.grandjacquet.fr\/la-boutique-en-ligne\/rendez-vous-sous-le-chene-rose-2025\/","name":"rendez-vous sous le ch\u00eane... ros\u00e9 | AOC Ventoux | Grand Jacquet","isPartOf":{"@id":"https:\/\/www.grandjacquet.fr\/#website"},"primaryImageOfPage":{"@id":"https:\/\/www.grandjacquet.fr\/la-boutique-en-ligne\/rendez-vous-sous-le-chene-rose-2025\/#primaryimage"},"image":{"@id":"https:\/\/www.grandjacquet.fr\/la-boutique-en-ligne\/rendez-vous-sous-le-chene-rose-2025\/#primaryimage"},"thumbnailUrl":"https:\/\/www.grandjacquet.fr\/wp-content\/uploads\/2022\/04\/rdvsouslechenerose.png","datePublished":"2022-04-07T12:46:53+00:00","dateModified":"2026-02-27T13:51:21+00:00","description":"rendez-vous sous le ch\u00eane... ros\u00e9, un ros\u00e9 de repas qui change de l\u2019ordinaire ! Il vous surprendra de sa fra\u00eecheur sur des notes de fruits des bois.","breadcrumb":{"@id":"https:\/\/www.grandjacquet.fr\/la-boutique-en-ligne\/rendez-vous-sous-le-chene-rose-2025\/#breadcrumb"},"inLanguage":"en-GB","potentialAction":[{"@type":"ReadAction","target":["https:\/\/www.grandjacquet.fr\/la-boutique-en-ligne\/rendez-vous-sous-le-chene-rose-2025\/"]}]},{"@type":"ImageObject","inLanguage":"en-GB","@id":"https:\/\/www.grandjacquet.fr\/la-boutique-en-ligne\/rendez-vous-sous-le-chene-rose-2025\/#primaryimage","url":"https:\/\/www.grandjacquet.fr\/wp-content\/uploads\/2022\/04\/rdvsouslechenerose.png","contentUrl":"https:\/\/www.grandjacquet.fr\/wp-content\/uploads\/2022\/04\/rdvsouslechenerose.png","width":1080,"height":1080,"caption":"rendez-vous sous le ch\u00eane... ros\u00e9"},{"@type":"BreadcrumbList","@id":"https:\/\/www.grandjacquet.fr\/la-boutique-en-ligne\/rendez-vous-sous-le-chene-rose-2025\/#breadcrumb","itemListElement":[{"@type":"ListItem","position":1,"name":"Accueil","item":"https:\/\/www.grandjacquet.fr\/"},{"@type":"ListItem","position":2,"name":"La boutique en ligne","item":"https:\/\/www.grandjacquet.fr\/la-boutique-en-ligne\/"},{"@type":"ListItem","position":3,"name":"rendez-vous sous le ch\u00eane&#8230; &#8211; ros\u00e9 2025"}]},{"@type":"WebSite","@id":"https:\/\/www.grandjacquet.fr\/#website","url":"https:\/\/www.grandjacquet.fr\/","name":"Grand Jacquet","description":"","publisher":{"@id":"https:\/\/www.grandjacquet.fr\/#organization"},"potentialAction":[{"@type":"SearchAction","target":{"@type":"EntryPoint","urlTemplate":"https:\/\/www.grandjacquet.fr\/?s={search_term_string}"},"query-input":{"@type":"PropertyValueSpecification","valueRequired":true,"valueName":"search_term_string"}}],"inLanguage":"en-GB"},{"@type":"Organization","@id":"https:\/\/www.grandjacquet.fr\/#organization","name":"Domaine du Grand Jacquet","alternateName":"Domaine Grand Jacquet","url":"https:\/\/www.grandjacquet.fr\/","logo":{"@type":"ImageObject","inLanguage":"en-GB","@id":"https:\/\/www.grandjacquet.fr\/#\/schema\/logo\/image\/","url":"https:\/\/www.grandjacquet.fr\/wp-content\/uploads\/2022\/05\/lechene.png","contentUrl":"https:\/\/www.grandjacquet.fr\/wp-content\/uploads\/2022\/05\/lechene.png","width":126,"height":95,"caption":"Domaine du Grand Jacquet"},"image":{"@id":"https:\/\/www.grandjacquet.fr\/#\/schema\/logo\/image\/"},"sameAs":["https:\/\/www.facebook.com\/people\/Domaine-Grand-Jacquet\/100063467950836\/","https:\/\/x.com\/domgrandjacquet","https:\/\/www.instagram.com\/domainegrandjacquet\/?hl=fr"]}]}},"_links":{"self":[{"href":"https:\/\/www.grandjacquet.fr\/en\/wp-json\/wp\/v2\/product\/2783","targetHints":{"allow":["GET"]}}],"collection":[{"href":"https:\/\/www.grandjacquet.fr\/en\/wp-json\/wp\/v2\/product"}],"about":[{"href":"https:\/\/www.grandjacquet.fr\/en\/wp-json\/wp\/v2\/types\/product"}],"wp:featuredmedia":[{"embeddable":true,"href":"https:\/\/www.grandjacquet.fr\/en\/wp-json\/wp\/v2\/media\/5173"}],"wp:attachment":[{"href":"https:\/\/www.grandjacquet.fr\/en\/wp-json\/wp\/v2\/media?parent=2783"}],"wp:term":[{"taxonomy":"product_brand","embeddable":true,"href":"https:\/\/www.grandjacquet.fr\/en\/wp-json\/wp\/v2\/product_brand?post=2783"},{"taxonomy":"product_cat","embeddable":true,"href":"https:\/\/www.grandjacquet.fr\/en\/wp-json\/wp\/v2\/product_cat?post=2783"},{"taxonomy":"product_tag","embeddable":true,"href":"https:\/\/www.grandjacquet.fr\/en\/wp-json\/wp\/v2\/product_tag?post=2783"}],"curies":[{"name":"wp","href":"https:\/\/api.w.org\/{rel}","templated":true}]}}