{"id":23719,"date":"2025-09-18T14:47:01","date_gmt":"2025-09-18T14:47:01","guid":{"rendered":"https:\/\/www.grandjacquet.fr\/?post_type=product&#038;p=23719"},"modified":"2025-12-01T00:02:40","modified_gmt":"2025-12-01T00:02:40","slug":"le-coffret-de-lautomne","status":"publish","type":"product","link":"https:\/\/www.grandjacquet.fr\/en\/la-boutique-en-ligne\/le-coffret-de-lautomne\/","title":{"rendered":"Le coffret de l&rsquo;automne"},"content":{"rendered":"<p class=\"p1\">L\u2019automne est la saison id\u00e9ale pour red\u00e9couvrir la richesse et la profondeur de nos vins rouges.<\/p>\n<p class=\"p1\">Au Domaine du Grand Jacquet, nous avons r\u00e9uni dans ce coffret une s\u00e9lection qui refl\u00e8te notre savoir-faire et la diversit\u00e9 de nos terroirs.<\/p>\n<p class=\"p1\">Des cuv\u00e9es \u00e9l\u00e9gantes et g\u00e9n\u00e9reuses, \u00e0 partager autour d\u2019un repas convivial ou d\u2019une soir\u00e9e au coin du feu. Et cette ann\u00e9e, nous y glissons une nouveaut\u00e9 qui nous tient \u00e0 c\u0153ur : <span class=\"s1\">le Gourmand de Vigne<\/span>, en format 50 cl. Un vin intense, concentr\u00e9, qui sublime les saveurs de saison, tarte \u00e0 la courge ou brioches \u00e0 la cannelle.<\/p>\n<p class=\"p1\">Ce coffret d\u2019automne est une invitation \u00e0 explorer toutes les facettes de nos rouges, du plus souple au plus structur\u00e9, et \u00e0 les accorder aux plaisirs gourmands de la saison.<\/p>","protected":false},"excerpt":{"rendered":"<p>Dans ce coffret, vous trouverez : Les crocs tout en haut, les plan\u00e8tes, le rendez-vous sous le ch\u00eane, la cuv\u00e9e des grands hommes, la cuv\u00e9e des herbes folles, juste avant les sangliers<\/p>","protected":false},"featured_media":23721,"template":"","meta":{"_kad_post_transparent":"default","_kad_post_title":"","_kad_post_layout":"default","_kad_post_sidebar_id":"","_kad_post_content_style":"default","_kad_post_vertical_padding":"default","_kad_post_feature":"","_kad_post_feature_position":"","_kad_post_header":false,"_kad_post_footer":false,"_kad_post_classname":""},"product_brand":[],"product_cat":[44],"product_tag":[],"class_list":{"0":"post-23719","1":"product","2":"type-product","3":"status-publish","4":"has-post-thumbnail","6":"product_cat-les-coffrets","8":"first","9":"instock","10":"taxable","11":"shipping-taxable","12":"purchasable","13":"product-type-simple","14":"entry","15":"content-bg","16":"loop-entry"},"yoast_head":"<!-- This site is optimized with the Yoast SEO plugin v27.4 - https:\/\/yoast.com\/product\/yoast-seo-wordpress\/ -->\n<title>Le coffret de l&#039;automne | Grand Jacquet<\/title>\n<meta name=\"description\" content=\"Au Domaine du Grand Jacquet, nous avons r\u00e9uni dans ce coffret de l&#039;automne une s\u00e9lection qui refl\u00e8te notre savoir-faire et la diversit\u00e9 de nos terroirs.\" \/>\n<meta name=\"robots\" content=\"index, follow, max-snippet:-1, max-image-preview:large, max-video-preview:-1\" \/>\n<link rel=\"canonical\" href=\"https:\/\/www.grandjacquet.fr\/en\/la-boutique-en-ligne\/le-coffret-de-lautomne\/\" \/>\n<meta property=\"og:locale\" content=\"en_GB\" \/>\n<meta property=\"og:type\" content=\"article\" \/>\n<meta property=\"og:title\" content=\"Le coffret de l&#039;automne | Grand Jacquet\" \/>\n<meta property=\"og:description\" content=\"Au Domaine du Grand Jacquet, nous avons r\u00e9uni dans ce coffret de l&#039;automne une s\u00e9lection qui refl\u00e8te notre savoir-faire et la diversit\u00e9 de nos terroirs.\" \/>\n<meta property=\"og:url\" content=\"https:\/\/www.grandjacquet.fr\/en\/la-boutique-en-ligne\/le-coffret-de-lautomne\/\" \/>\n<meta property=\"og:site_name\" content=\"Grand Jacquet\" \/>\n<meta property=\"article:publisher\" content=\"https:\/\/www.facebook.com\/people\/Domaine-Grand-Jacquet\/100063467950836\/\" \/>\n<meta property=\"article:modified_time\" content=\"2025-12-01T00:02:40+00:00\" \/>\n<meta property=\"og:image\" content=\"https:\/\/www.grandjacquet.fr\/wp-content\/uploads\/2025\/09\/Boutique-en-ligne-Les-cuvees.png\" \/>\n\t<meta property=\"og:image:width\" content=\"1080\" \/>\n\t<meta property=\"og:image:height\" content=\"1080\" \/>\n\t<meta property=\"og:image:type\" content=\"image\/png\" \/>\n<meta name=\"twitter:card\" content=\"summary_large_image\" \/>\n<meta name=\"twitter:site\" content=\"@domgrandjacquet\" \/>\n<script type=\"application\/ld+json\" class=\"yoast-schema-graph\">{\"@context\":\"https:\\\/\\\/schema.org\",\"@graph\":[{\"@type\":\"WebPage\",\"@id\":\"https:\\\/\\\/www.grandjacquet.fr\\\/la-boutique-en-ligne\\\/le-coffret-de-lautomne\\\/\",\"url\":\"https:\\\/\\\/www.grandjacquet.fr\\\/la-boutique-en-ligne\\\/le-coffret-de-lautomne\\\/\",\"name\":\"Le coffret de l'automne | Grand Jacquet\",\"isPartOf\":{\"@id\":\"https:\\\/\\\/www.grandjacquet.fr\\\/#website\"},\"primaryImageOfPage\":{\"@id\":\"https:\\\/\\\/www.grandjacquet.fr\\\/la-boutique-en-ligne\\\/le-coffret-de-lautomne\\\/#primaryimage\"},\"image\":{\"@id\":\"https:\\\/\\\/www.grandjacquet.fr\\\/la-boutique-en-ligne\\\/le-coffret-de-lautomne\\\/#primaryimage\"},\"thumbnailUrl\":\"https:\\\/\\\/www.grandjacquet.fr\\\/wp-content\\\/uploads\\\/2025\\\/09\\\/Boutique-en-ligne-Les-cuvees.png\",\"datePublished\":\"2025-09-18T14:47:01+00:00\",\"dateModified\":\"2025-12-01T00:02:40+00:00\",\"description\":\"Au Domaine du Grand Jacquet, nous avons r\u00e9uni dans ce coffret de l'automne une s\u00e9lection qui refl\u00e8te notre savoir-faire et la diversit\u00e9 de nos terroirs.\",\"breadcrumb\":{\"@id\":\"https:\\\/\\\/www.grandjacquet.fr\\\/la-boutique-en-ligne\\\/le-coffret-de-lautomne\\\/#breadcrumb\"},\"inLanguage\":\"en-GB\",\"potentialAction\":[{\"@type\":\"ReadAction\",\"target\":[\"https:\\\/\\\/www.grandjacquet.fr\\\/la-boutique-en-ligne\\\/le-coffret-de-lautomne\\\/\"]}]},{\"@type\":\"ImageObject\",\"inLanguage\":\"en-GB\",\"@id\":\"https:\\\/\\\/www.grandjacquet.fr\\\/la-boutique-en-ligne\\\/le-coffret-de-lautomne\\\/#primaryimage\",\"url\":\"https:\\\/\\\/www.grandjacquet.fr\\\/wp-content\\\/uploads\\\/2025\\\/09\\\/Boutique-en-ligne-Les-cuvees.png\",\"contentUrl\":\"https:\\\/\\\/www.grandjacquet.fr\\\/wp-content\\\/uploads\\\/2025\\\/09\\\/Boutique-en-ligne-Les-cuvees.png\",\"width\":1080,\"height\":1080,\"caption\":\"le coffret de l'automne\"},{\"@type\":\"BreadcrumbList\",\"@id\":\"https:\\\/\\\/www.grandjacquet.fr\\\/la-boutique-en-ligne\\\/le-coffret-de-lautomne\\\/#breadcrumb\",\"itemListElement\":[{\"@type\":\"ListItem\",\"position\":1,\"name\":\"Accueil\",\"item\":\"https:\\\/\\\/www.grandjacquet.fr\\\/\"},{\"@type\":\"ListItem\",\"position\":2,\"name\":\"La boutique en ligne\",\"item\":\"https:\\\/\\\/www.grandjacquet.fr\\\/la-boutique-en-ligne\\\/\"},{\"@type\":\"ListItem\",\"position\":3,\"name\":\"Le coffret de l&rsquo;automne\"}]},{\"@type\":\"WebSite\",\"@id\":\"https:\\\/\\\/www.grandjacquet.fr\\\/#website\",\"url\":\"https:\\\/\\\/www.grandjacquet.fr\\\/\",\"name\":\"Grand Jacquet\",\"description\":\"\",\"publisher\":{\"@id\":\"https:\\\/\\\/www.grandjacquet.fr\\\/#organization\"},\"potentialAction\":[{\"@type\":\"SearchAction\",\"target\":{\"@type\":\"EntryPoint\",\"urlTemplate\":\"https:\\\/\\\/www.grandjacquet.fr\\\/?s={search_term_string}\"},\"query-input\":{\"@type\":\"PropertyValueSpecification\",\"valueRequired\":true,\"valueName\":\"search_term_string\"}}],\"inLanguage\":\"en-GB\"},{\"@type\":\"Organization\",\"@id\":\"https:\\\/\\\/www.grandjacquet.fr\\\/#organization\",\"name\":\"Domaine du Grand Jacquet\",\"alternateName\":\"Domaine Grand Jacquet\",\"url\":\"https:\\\/\\\/www.grandjacquet.fr\\\/\",\"logo\":{\"@type\":\"ImageObject\",\"inLanguage\":\"en-GB\",\"@id\":\"https:\\\/\\\/www.grandjacquet.fr\\\/#\\\/schema\\\/logo\\\/image\\\/\",\"url\":\"https:\\\/\\\/www.grandjacquet.fr\\\/wp-content\\\/uploads\\\/2022\\\/05\\\/lechene.png\",\"contentUrl\":\"https:\\\/\\\/www.grandjacquet.fr\\\/wp-content\\\/uploads\\\/2022\\\/05\\\/lechene.png\",\"width\":126,\"height\":95,\"caption\":\"Domaine du Grand Jacquet\"},\"image\":{\"@id\":\"https:\\\/\\\/www.grandjacquet.fr\\\/#\\\/schema\\\/logo\\\/image\\\/\"},\"sameAs\":[\"https:\\\/\\\/www.facebook.com\\\/people\\\/Domaine-Grand-Jacquet\\\/100063467950836\\\/\",\"https:\\\/\\\/x.com\\\/domgrandjacquet\",\"https:\\\/\\\/www.instagram.com\\\/domainegrandjacquet\\\/?hl=fr\"]}]}<\/script>\n<!-- \/ Yoast SEO plugin. -->","yoast_head_json":{"title":"Le coffret de l'automne | Grand Jacquet","description":"Au Domaine du Grand Jacquet, nous avons r\u00e9uni dans ce coffret de l'automne une s\u00e9lection qui refl\u00e8te notre savoir-faire et la diversit\u00e9 de nos terroirs.","robots":{"index":"index","follow":"follow","max-snippet":"max-snippet:-1","max-image-preview":"max-image-preview:large","max-video-preview":"max-video-preview:-1"},"canonical":"https:\/\/www.grandjacquet.fr\/en\/la-boutique-en-ligne\/le-coffret-de-lautomne\/","og_locale":"en_GB","og_type":"article","og_title":"Le coffret de l'automne | Grand Jacquet","og_description":"Au Domaine du Grand Jacquet, nous avons r\u00e9uni dans ce coffret de l'automne une s\u00e9lection qui refl\u00e8te notre savoir-faire et la diversit\u00e9 de nos terroirs.","og_url":"https:\/\/www.grandjacquet.fr\/en\/la-boutique-en-ligne\/le-coffret-de-lautomne\/","og_site_name":"Grand Jacquet","article_publisher":"https:\/\/www.facebook.com\/people\/Domaine-Grand-Jacquet\/100063467950836\/","article_modified_time":"2025-12-01T00:02:40+00:00","og_image":[{"width":1080,"height":1080,"url":"https:\/\/www.grandjacquet.fr\/wp-content\/uploads\/2025\/09\/Boutique-en-ligne-Les-cuvees.png","type":"image\/png"}],"twitter_card":"summary_large_image","twitter_site":"@domgrandjacquet","schema":{"@context":"https:\/\/schema.org","@graph":[{"@type":"WebPage","@id":"https:\/\/www.grandjacquet.fr\/la-boutique-en-ligne\/le-coffret-de-lautomne\/","url":"https:\/\/www.grandjacquet.fr\/la-boutique-en-ligne\/le-coffret-de-lautomne\/","name":"Le coffret de l'automne | Grand Jacquet","isPartOf":{"@id":"https:\/\/www.grandjacquet.fr\/#website"},"primaryImageOfPage":{"@id":"https:\/\/www.grandjacquet.fr\/la-boutique-en-ligne\/le-coffret-de-lautomne\/#primaryimage"},"image":{"@id":"https:\/\/www.grandjacquet.fr\/la-boutique-en-ligne\/le-coffret-de-lautomne\/#primaryimage"},"thumbnailUrl":"https:\/\/www.grandjacquet.fr\/wp-content\/uploads\/2025\/09\/Boutique-en-ligne-Les-cuvees.png","datePublished":"2025-09-18T14:47:01+00:00","dateModified":"2025-12-01T00:02:40+00:00","description":"Au Domaine du Grand Jacquet, nous avons r\u00e9uni dans ce coffret de l'automne une s\u00e9lection qui refl\u00e8te notre savoir-faire et la diversit\u00e9 de nos terroirs.","breadcrumb":{"@id":"https:\/\/www.grandjacquet.fr\/la-boutique-en-ligne\/le-coffret-de-lautomne\/#breadcrumb"},"inLanguage":"en-GB","potentialAction":[{"@type":"ReadAction","target":["https:\/\/www.grandjacquet.fr\/la-boutique-en-ligne\/le-coffret-de-lautomne\/"]}]},{"@type":"ImageObject","inLanguage":"en-GB","@id":"https:\/\/www.grandjacquet.fr\/la-boutique-en-ligne\/le-coffret-de-lautomne\/#primaryimage","url":"https:\/\/www.grandjacquet.fr\/wp-content\/uploads\/2025\/09\/Boutique-en-ligne-Les-cuvees.png","contentUrl":"https:\/\/www.grandjacquet.fr\/wp-content\/uploads\/2025\/09\/Boutique-en-ligne-Les-cuvees.png","width":1080,"height":1080,"caption":"le coffret de l'automne"},{"@type":"BreadcrumbList","@id":"https:\/\/www.grandjacquet.fr\/la-boutique-en-ligne\/le-coffret-de-lautomne\/#breadcrumb","itemListElement":[{"@type":"ListItem","position":1,"name":"Accueil","item":"https:\/\/www.grandjacquet.fr\/"},{"@type":"ListItem","position":2,"name":"La boutique en ligne","item":"https:\/\/www.grandjacquet.fr\/la-boutique-en-ligne\/"},{"@type":"ListItem","position":3,"name":"Le coffret de l&rsquo;automne"}]},{"@type":"WebSite","@id":"https:\/\/www.grandjacquet.fr\/#website","url":"https:\/\/www.grandjacquet.fr\/","name":"Grand Jacquet","description":"","publisher":{"@id":"https:\/\/www.grandjacquet.fr\/#organization"},"potentialAction":[{"@type":"SearchAction","target":{"@type":"EntryPoint","urlTemplate":"https:\/\/www.grandjacquet.fr\/?s={search_term_string}"},"query-input":{"@type":"PropertyValueSpecification","valueRequired":true,"valueName":"search_term_string"}}],"inLanguage":"en-GB"},{"@type":"Organization","@id":"https:\/\/www.grandjacquet.fr\/#organization","name":"Domaine du Grand Jacquet","alternateName":"Domaine Grand Jacquet","url":"https:\/\/www.grandjacquet.fr\/","logo":{"@type":"ImageObject","inLanguage":"en-GB","@id":"https:\/\/www.grandjacquet.fr\/#\/schema\/logo\/image\/","url":"https:\/\/www.grandjacquet.fr\/wp-content\/uploads\/2022\/05\/lechene.png","contentUrl":"https:\/\/www.grandjacquet.fr\/wp-content\/uploads\/2022\/05\/lechene.png","width":126,"height":95,"caption":"Domaine du Grand Jacquet"},"image":{"@id":"https:\/\/www.grandjacquet.fr\/#\/schema\/logo\/image\/"},"sameAs":["https:\/\/www.facebook.com\/people\/Domaine-Grand-Jacquet\/100063467950836\/","https:\/\/x.com\/domgrandjacquet","https:\/\/www.instagram.com\/domainegrandjacquet\/?hl=fr"]}]}},"_links":{"self":[{"href":"https:\/\/www.grandjacquet.fr\/en\/wp-json\/wp\/v2\/product\/23719","targetHints":{"allow":["GET"]}}],"collection":[{"href":"https:\/\/www.grandjacquet.fr\/en\/wp-json\/wp\/v2\/product"}],"about":[{"href":"https:\/\/www.grandjacquet.fr\/en\/wp-json\/wp\/v2\/types\/product"}],"wp:featuredmedia":[{"embeddable":true,"href":"https:\/\/www.grandjacquet.fr\/en\/wp-json\/wp\/v2\/media\/23721"}],"wp:attachment":[{"href":"https:\/\/www.grandjacquet.fr\/en\/wp-json\/wp\/v2\/media?parent=23719"}],"wp:term":[{"taxonomy":"product_brand","embeddable":true,"href":"https:\/\/www.grandjacquet.fr\/en\/wp-json\/wp\/v2\/product_brand?post=23719"},{"taxonomy":"product_cat","embeddable":true,"href":"https:\/\/www.grandjacquet.fr\/en\/wp-json\/wp\/v2\/product_cat?post=23719"},{"taxonomy":"product_tag","embeddable":true,"href":"https:\/\/www.grandjacquet.fr\/en\/wp-json\/wp\/v2\/product_tag?post=23719"}],"curies":[{"name":"wp","href":"https:\/\/api.w.org\/{rel}","templated":true}]}}