{"id":10540,"date":"2022-11-15T11:11:31","date_gmt":"2022-11-15T11:11:31","guid":{"rendered":"https:\/\/www.grandjacquet.fr\/?post_type=product&#038;p=10540"},"modified":"2025-12-01T00:02:40","modified_gmt":"2025-12-01T00:02:40","slug":"les-crocs-tout-en-haut-coffret-3-millesimes","status":"publish","type":"product","link":"https:\/\/www.grandjacquet.fr\/en\/la-boutique-en-ligne\/les-crocs-tout-en-haut-coffret-3-millesimes\/","title":{"rendered":"les crocs, tout en haut coffret 3 mill\u00e9simes"},"content":{"rendered":"<p>La cuv\u00e9e les crocs, tout en haut, i<span class=\"JsGRdQ\">n vin rouge intense, complexe avec une structure fine et fondue sur des notes de cacao, fruits noirs, de violette, long en bouche. Robe rubis\/grenat intense. Nez d\u00e9licat, cacao, fruits noirs, violette. La bouche est fondue, intense et g\u00e9n\u00e9reuse, les tanins sont fins et persistants, long en bouche. \u00c0 ouvrir 1 heure avant la d\u00e9gustation ou carafer. Servir \u00e0 environ 16 degr\u00e9s.<\/span><\/p>\n<p>3 mill\u00e9simes : 2016, 2018 et 2020 + coffret<\/p>","protected":false},"excerpt":{"rendered":"<p>Pour ceux qui aiment faire des \u00ab\u00a0verticales\u00a0\u00bb d\u00e9couvrez 3 mill\u00e9simes de notre cuv\u00e9e les crocs, tout en haut, 2016, 2018 et 2020&#8230;dans sa jolie bo\u00eete, il trouvera sa place au pied du sapin&#8230;<\/p>","protected":false},"featured_media":10541,"template":"","meta":{"_kad_post_transparent":"default","_kad_post_title":"","_kad_post_layout":"default","_kad_post_sidebar_id":"","_kad_post_content_style":"default","_kad_post_vertical_padding":"default","_kad_post_feature":"","_kad_post_feature_position":"","_kad_post_header":false,"_kad_post_footer":false,"_kad_post_classname":""},"product_brand":[],"product_cat":[44],"product_tag":[],"class_list":{"0":"post-10540","1":"product","2":"type-product","3":"status-publish","4":"has-post-thumbnail","6":"product_cat-les-coffrets","8":"first","9":"instock","10":"taxable","11":"shipping-taxable","12":"purchasable","13":"product-type-simple","14":"entry","15":"content-bg","16":"loop-entry"},"yoast_head":"<!-- This site is optimized with the Yoast SEO plugin v27.3 - https:\/\/yoast.com\/product\/yoast-seo-wordpress\/ -->\n<title>les crocs, tout en haut coffret 3 mill\u00e9simes | Grand Jacquet<\/title>\n<meta name=\"description\" content=\"Pour ceux qui aiment faire des &quot;verticales&quot; d\u00e9couvrez 3 mill\u00e9simes de notre cuv\u00e9e les crocs, tout en haut, 2016, 2018 et 2020...dans sa jolie bo\u00eete.\" \/>\n<meta name=\"robots\" content=\"index, follow, max-snippet:-1, max-image-preview:large, max-video-preview:-1\" \/>\n<link rel=\"canonical\" href=\"https:\/\/www.grandjacquet.fr\/en\/la-boutique-en-ligne\/les-crocs-tout-en-haut-coffret-3-millesimes\/\" \/>\n<meta property=\"og:locale\" content=\"en_GB\" \/>\n<meta property=\"og:type\" content=\"article\" \/>\n<meta property=\"og:title\" content=\"les crocs, tout en haut coffret 3 mill\u00e9simes | Grand Jacquet\" \/>\n<meta property=\"og:description\" content=\"Pour ceux qui aiment faire des &quot;verticales&quot; d\u00e9couvrez 3 mill\u00e9simes de notre cuv\u00e9e les crocs, tout en haut, 2016, 2018 et 2020...dans sa jolie bo\u00eete.\" \/>\n<meta property=\"og:url\" content=\"https:\/\/www.grandjacquet.fr\/en\/la-boutique-en-ligne\/les-crocs-tout-en-haut-coffret-3-millesimes\/\" \/>\n<meta property=\"og:site_name\" content=\"Grand Jacquet\" \/>\n<meta property=\"article:publisher\" content=\"https:\/\/www.facebook.com\/people\/Domaine-Grand-Jacquet\/100063467950836\/\" \/>\n<meta property=\"article:modified_time\" content=\"2025-12-01T00:02:40+00:00\" \/>\n<meta property=\"og:image\" content=\"https:\/\/www.grandjacquet.fr\/wp-content\/uploads\/2022\/11\/les-crocs-tout-en-haut.png\" \/>\n\t<meta property=\"og:image:width\" content=\"1080\" \/>\n\t<meta property=\"og:image:height\" content=\"1080\" \/>\n\t<meta property=\"og:image:type\" content=\"image\/png\" \/>\n<meta name=\"twitter:card\" content=\"summary_large_image\" \/>\n<meta name=\"twitter:site\" content=\"@domgrandjacquet\" \/>\n<script type=\"application\/ld+json\" class=\"yoast-schema-graph\">{\"@context\":\"https:\\\/\\\/schema.org\",\"@graph\":[{\"@type\":\"WebPage\",\"@id\":\"https:\\\/\\\/www.grandjacquet.fr\\\/la-boutique-en-ligne\\\/les-crocs-tout-en-haut-coffret-3-millesimes\\\/\",\"url\":\"https:\\\/\\\/www.grandjacquet.fr\\\/la-boutique-en-ligne\\\/les-crocs-tout-en-haut-coffret-3-millesimes\\\/\",\"name\":\"les crocs, tout en haut coffret 3 mill\u00e9simes | Grand Jacquet\",\"isPartOf\":{\"@id\":\"https:\\\/\\\/www.grandjacquet.fr\\\/#website\"},\"primaryImageOfPage\":{\"@id\":\"https:\\\/\\\/www.grandjacquet.fr\\\/la-boutique-en-ligne\\\/les-crocs-tout-en-haut-coffret-3-millesimes\\\/#primaryimage\"},\"image\":{\"@id\":\"https:\\\/\\\/www.grandjacquet.fr\\\/la-boutique-en-ligne\\\/les-crocs-tout-en-haut-coffret-3-millesimes\\\/#primaryimage\"},\"thumbnailUrl\":\"https:\\\/\\\/www.grandjacquet.fr\\\/wp-content\\\/uploads\\\/2022\\\/11\\\/les-crocs-tout-en-haut.png\",\"datePublished\":\"2022-11-15T11:11:31+00:00\",\"dateModified\":\"2025-12-01T00:02:40+00:00\",\"description\":\"Pour ceux qui aiment faire des \\\"verticales\\\" d\u00e9couvrez 3 mill\u00e9simes de notre cuv\u00e9e les crocs, tout en haut, 2016, 2018 et 2020...dans sa jolie bo\u00eete.\",\"breadcrumb\":{\"@id\":\"https:\\\/\\\/www.grandjacquet.fr\\\/la-boutique-en-ligne\\\/les-crocs-tout-en-haut-coffret-3-millesimes\\\/#breadcrumb\"},\"inLanguage\":\"en-GB\",\"potentialAction\":[{\"@type\":\"ReadAction\",\"target\":[\"https:\\\/\\\/www.grandjacquet.fr\\\/la-boutique-en-ligne\\\/les-crocs-tout-en-haut-coffret-3-millesimes\\\/\"]}]},{\"@type\":\"ImageObject\",\"inLanguage\":\"en-GB\",\"@id\":\"https:\\\/\\\/www.grandjacquet.fr\\\/la-boutique-en-ligne\\\/les-crocs-tout-en-haut-coffret-3-millesimes\\\/#primaryimage\",\"url\":\"https:\\\/\\\/www.grandjacquet.fr\\\/wp-content\\\/uploads\\\/2022\\\/11\\\/les-crocs-tout-en-haut.png\",\"contentUrl\":\"https:\\\/\\\/www.grandjacquet.fr\\\/wp-content\\\/uploads\\\/2022\\\/11\\\/les-crocs-tout-en-haut.png\",\"width\":1080,\"height\":1080,\"caption\":\"les crocs tout en haut coffret 3 mill\u00e9simes\"},{\"@type\":\"BreadcrumbList\",\"@id\":\"https:\\\/\\\/www.grandjacquet.fr\\\/la-boutique-en-ligne\\\/les-crocs-tout-en-haut-coffret-3-millesimes\\\/#breadcrumb\",\"itemListElement\":[{\"@type\":\"ListItem\",\"position\":1,\"name\":\"Accueil\",\"item\":\"https:\\\/\\\/www.grandjacquet.fr\\\/\"},{\"@type\":\"ListItem\",\"position\":2,\"name\":\"La boutique en ligne\",\"item\":\"https:\\\/\\\/www.grandjacquet.fr\\\/la-boutique-en-ligne\\\/\"},{\"@type\":\"ListItem\",\"position\":3,\"name\":\"les crocs, tout en haut coffret 3 mill\u00e9simes\"}]},{\"@type\":\"WebSite\",\"@id\":\"https:\\\/\\\/www.grandjacquet.fr\\\/#website\",\"url\":\"https:\\\/\\\/www.grandjacquet.fr\\\/\",\"name\":\"Grand Jacquet\",\"description\":\"\",\"publisher\":{\"@id\":\"https:\\\/\\\/www.grandjacquet.fr\\\/#organization\"},\"potentialAction\":[{\"@type\":\"SearchAction\",\"target\":{\"@type\":\"EntryPoint\",\"urlTemplate\":\"https:\\\/\\\/www.grandjacquet.fr\\\/?s={search_term_string}\"},\"query-input\":{\"@type\":\"PropertyValueSpecification\",\"valueRequired\":true,\"valueName\":\"search_term_string\"}}],\"inLanguage\":\"en-GB\"},{\"@type\":\"Organization\",\"@id\":\"https:\\\/\\\/www.grandjacquet.fr\\\/#organization\",\"name\":\"Domaine du Grand Jacquet\",\"alternateName\":\"Domaine Grand Jacquet\",\"url\":\"https:\\\/\\\/www.grandjacquet.fr\\\/\",\"logo\":{\"@type\":\"ImageObject\",\"inLanguage\":\"en-GB\",\"@id\":\"https:\\\/\\\/www.grandjacquet.fr\\\/#\\\/schema\\\/logo\\\/image\\\/\",\"url\":\"https:\\\/\\\/www.grandjacquet.fr\\\/wp-content\\\/uploads\\\/2022\\\/05\\\/lechene.png\",\"contentUrl\":\"https:\\\/\\\/www.grandjacquet.fr\\\/wp-content\\\/uploads\\\/2022\\\/05\\\/lechene.png\",\"width\":126,\"height\":95,\"caption\":\"Domaine du Grand Jacquet\"},\"image\":{\"@id\":\"https:\\\/\\\/www.grandjacquet.fr\\\/#\\\/schema\\\/logo\\\/image\\\/\"},\"sameAs\":[\"https:\\\/\\\/www.facebook.com\\\/people\\\/Domaine-Grand-Jacquet\\\/100063467950836\\\/\",\"https:\\\/\\\/x.com\\\/domgrandjacquet\",\"https:\\\/\\\/www.instagram.com\\\/domainegrandjacquet\\\/?hl=fr\"]}]}<\/script>\n<!-- \/ Yoast SEO plugin. -->","yoast_head_json":{"title":"les crocs, tout en haut coffret 3 mill\u00e9simes | Grand Jacquet","description":"Pour ceux qui aiment faire des \"verticales\" d\u00e9couvrez 3 mill\u00e9simes de notre cuv\u00e9e les crocs, tout en haut, 2016, 2018 et 2020...dans sa jolie bo\u00eete.","robots":{"index":"index","follow":"follow","max-snippet":"max-snippet:-1","max-image-preview":"max-image-preview:large","max-video-preview":"max-video-preview:-1"},"canonical":"https:\/\/www.grandjacquet.fr\/en\/la-boutique-en-ligne\/les-crocs-tout-en-haut-coffret-3-millesimes\/","og_locale":"en_GB","og_type":"article","og_title":"les crocs, tout en haut coffret 3 mill\u00e9simes | Grand Jacquet","og_description":"Pour ceux qui aiment faire des \"verticales\" d\u00e9couvrez 3 mill\u00e9simes de notre cuv\u00e9e les crocs, tout en haut, 2016, 2018 et 2020...dans sa jolie bo\u00eete.","og_url":"https:\/\/www.grandjacquet.fr\/en\/la-boutique-en-ligne\/les-crocs-tout-en-haut-coffret-3-millesimes\/","og_site_name":"Grand Jacquet","article_publisher":"https:\/\/www.facebook.com\/people\/Domaine-Grand-Jacquet\/100063467950836\/","article_modified_time":"2025-12-01T00:02:40+00:00","og_image":[{"width":1080,"height":1080,"url":"https:\/\/www.grandjacquet.fr\/wp-content\/uploads\/2022\/11\/les-crocs-tout-en-haut.png","type":"image\/png"}],"twitter_card":"summary_large_image","twitter_site":"@domgrandjacquet","schema":{"@context":"https:\/\/schema.org","@graph":[{"@type":"WebPage","@id":"https:\/\/www.grandjacquet.fr\/la-boutique-en-ligne\/les-crocs-tout-en-haut-coffret-3-millesimes\/","url":"https:\/\/www.grandjacquet.fr\/la-boutique-en-ligne\/les-crocs-tout-en-haut-coffret-3-millesimes\/","name":"les crocs, tout en haut coffret 3 mill\u00e9simes | Grand Jacquet","isPartOf":{"@id":"https:\/\/www.grandjacquet.fr\/#website"},"primaryImageOfPage":{"@id":"https:\/\/www.grandjacquet.fr\/la-boutique-en-ligne\/les-crocs-tout-en-haut-coffret-3-millesimes\/#primaryimage"},"image":{"@id":"https:\/\/www.grandjacquet.fr\/la-boutique-en-ligne\/les-crocs-tout-en-haut-coffret-3-millesimes\/#primaryimage"},"thumbnailUrl":"https:\/\/www.grandjacquet.fr\/wp-content\/uploads\/2022\/11\/les-crocs-tout-en-haut.png","datePublished":"2022-11-15T11:11:31+00:00","dateModified":"2025-12-01T00:02:40+00:00","description":"Pour ceux qui aiment faire des \"verticales\" d\u00e9couvrez 3 mill\u00e9simes de notre cuv\u00e9e les crocs, tout en haut, 2016, 2018 et 2020...dans sa jolie bo\u00eete.","breadcrumb":{"@id":"https:\/\/www.grandjacquet.fr\/la-boutique-en-ligne\/les-crocs-tout-en-haut-coffret-3-millesimes\/#breadcrumb"},"inLanguage":"en-GB","potentialAction":[{"@type":"ReadAction","target":["https:\/\/www.grandjacquet.fr\/la-boutique-en-ligne\/les-crocs-tout-en-haut-coffret-3-millesimes\/"]}]},{"@type":"ImageObject","inLanguage":"en-GB","@id":"https:\/\/www.grandjacquet.fr\/la-boutique-en-ligne\/les-crocs-tout-en-haut-coffret-3-millesimes\/#primaryimage","url":"https:\/\/www.grandjacquet.fr\/wp-content\/uploads\/2022\/11\/les-crocs-tout-en-haut.png","contentUrl":"https:\/\/www.grandjacquet.fr\/wp-content\/uploads\/2022\/11\/les-crocs-tout-en-haut.png","width":1080,"height":1080,"caption":"les crocs tout en haut coffret 3 mill\u00e9simes"},{"@type":"BreadcrumbList","@id":"https:\/\/www.grandjacquet.fr\/la-boutique-en-ligne\/les-crocs-tout-en-haut-coffret-3-millesimes\/#breadcrumb","itemListElement":[{"@type":"ListItem","position":1,"name":"Accueil","item":"https:\/\/www.grandjacquet.fr\/"},{"@type":"ListItem","position":2,"name":"La boutique en ligne","item":"https:\/\/www.grandjacquet.fr\/la-boutique-en-ligne\/"},{"@type":"ListItem","position":3,"name":"les crocs, tout en haut coffret 3 mill\u00e9simes"}]},{"@type":"WebSite","@id":"https:\/\/www.grandjacquet.fr\/#website","url":"https:\/\/www.grandjacquet.fr\/","name":"Grand Jacquet","description":"","publisher":{"@id":"https:\/\/www.grandjacquet.fr\/#organization"},"potentialAction":[{"@type":"SearchAction","target":{"@type":"EntryPoint","urlTemplate":"https:\/\/www.grandjacquet.fr\/?s={search_term_string}"},"query-input":{"@type":"PropertyValueSpecification","valueRequired":true,"valueName":"search_term_string"}}],"inLanguage":"en-GB"},{"@type":"Organization","@id":"https:\/\/www.grandjacquet.fr\/#organization","name":"Domaine du Grand Jacquet","alternateName":"Domaine Grand Jacquet","url":"https:\/\/www.grandjacquet.fr\/","logo":{"@type":"ImageObject","inLanguage":"en-GB","@id":"https:\/\/www.grandjacquet.fr\/#\/schema\/logo\/image\/","url":"https:\/\/www.grandjacquet.fr\/wp-content\/uploads\/2022\/05\/lechene.png","contentUrl":"https:\/\/www.grandjacquet.fr\/wp-content\/uploads\/2022\/05\/lechene.png","width":126,"height":95,"caption":"Domaine du Grand Jacquet"},"image":{"@id":"https:\/\/www.grandjacquet.fr\/#\/schema\/logo\/image\/"},"sameAs":["https:\/\/www.facebook.com\/people\/Domaine-Grand-Jacquet\/100063467950836\/","https:\/\/x.com\/domgrandjacquet","https:\/\/www.instagram.com\/domainegrandjacquet\/?hl=fr"]}]}},"_links":{"self":[{"href":"https:\/\/www.grandjacquet.fr\/en\/wp-json\/wp\/v2\/product\/10540","targetHints":{"allow":["GET"]}}],"collection":[{"href":"https:\/\/www.grandjacquet.fr\/en\/wp-json\/wp\/v2\/product"}],"about":[{"href":"https:\/\/www.grandjacquet.fr\/en\/wp-json\/wp\/v2\/types\/product"}],"wp:featuredmedia":[{"embeddable":true,"href":"https:\/\/www.grandjacquet.fr\/en\/wp-json\/wp\/v2\/media\/10541"}],"wp:attachment":[{"href":"https:\/\/www.grandjacquet.fr\/en\/wp-json\/wp\/v2\/media?parent=10540"}],"wp:term":[{"taxonomy":"product_brand","embeddable":true,"href":"https:\/\/www.grandjacquet.fr\/en\/wp-json\/wp\/v2\/product_brand?post=10540"},{"taxonomy":"product_cat","embeddable":true,"href":"https:\/\/www.grandjacquet.fr\/en\/wp-json\/wp\/v2\/product_cat?post=10540"},{"taxonomy":"product_tag","embeddable":true,"href":"https:\/\/www.grandjacquet.fr\/en\/wp-json\/wp\/v2\/product_tag?post=10540"}],"curies":[{"name":"wp","href":"https:\/\/api.w.org\/{rel}","templated":true}]}}