{"id":3,"date":"2022-01-29T13:19:38","date_gmt":"2022-01-29T13:19:38","guid":{"rendered":"http:\/\/www.grandjacquet.fr\/?page_id=3"},"modified":"2022-09-13T13:23:08","modified_gmt":"2022-09-13T13:23:08","slug":"politique-de-confidentialite","status":"publish","type":"page","link":"https:\/\/www.grandjacquet.fr\/en\/politique-de-confidentialite\/","title":{"rendered":"Legal Notice"},"content":{"rendered":"<p>Minors: by virtue of the ordinance n\u00b059-107 of January 7, 1959 and of the law n\u00b074-631 of July 5, 1974, the sale of alcohol to minors of less than 18 years is prohibited. Any person ordering wine on grandjacquet.fr thus commits himself having the majority in the country where he is at the time of the purchase and its consumption.<\/p>\n\n\n\n<p>Alcohol abuse: Alcohol abuse is dangerous for your health. Therefore, know how to consume and enjoy it in moderation.<\/p>\n\n\n\n<p><\/p>\n\n\n\n<h2 class=\"has-text-align-left wp-block-heading\">LEGAL INFORMATION<\/h2>\n\n\n\n<p class=\"has-text-align-left\">SCEA DOMAINE DU GRAND JACQUET<br>Person in charge : JACQUET Jo\u00ebl<br>Head office : 2869 ROUTE DE CARPENTRAS 84380 MAZAN France<br>Phone: +33 (0)4 90 63 24 87<br>E-mail :&nbsp;<a href=\"mailto:domaine@grandjacquet.fr\">domaine@grandjacquet.fr<\/a><br>Siret N\u00b0 : 41755201500014<\/p>\n\n\n\n<h2 class=\"has-text-align-left wp-block-heading\">DESIGN<\/h2>\n\n\n\n<p class=\"has-text-align-left\">VitiProm<br>14 Rue de le Verrerie 13100 Aix-en-Provence<br>Phone : 06.40.40.63.69<br>E-mail : <a href=\"mailto:contact.vitiprom@gmail.com\">contact.vitiprom@gmail.com<\/a><\/p>\n\n\n\n<h2 class=\"has-text-align-left wp-block-heading\">ACCESS TO THE WEBSITE<\/h2>\n\n\n\n<p>The site http:\/\/www.grandjacquet.fr allows the User to access the following services Sales of alcoholic beverages.<\/p>\n\n\n\n<p>The site is accessible free of charge anywhere to any User with Internet access. All costs incurred by the User to access the service (computer hardware, software, Internet connection, etc.) are at the User's expense.<\/p>\n\n\n\n<p>The non-member User does not have access to the reserved services. To do so, they must register by filling out the form. By agreeing to register for the reserved services, the member User undertakes to provide truthful and accurate information concerning his civil status and contact details, in particular his email address.<\/p>\n\n\n\n<p>To access the services, the User must then identify himself using his login and password.<\/p>\n\n\n\n<p>Any event due to a case of force majeure resulting in a malfunction of the site or server and subject to any interruption or modification in case of maintenance, does not engage the responsibility of http:\/\/www.grandjacquet.fr. In these cases, the User agrees not to hold the editor responsible for any interruption or suspension of service, even without notice.<\/p>\n\n\n\n<h2 class=\"has-text-align-left wp-block-heading\">DATA COLLECTION<\/h2>\n\n\n\n<p>The site ensures that the User's personal information is collected and processed with respect for privacy in accordance with the French law n\u00b078-17 of January 6, 1978 relating to information technology, files and freedoms. Under the Data Protection Act of January 6, 1978, the User has the right to access, rectify, delete and oppose his personal data.<\/p>\n\n\n\n<h2 class=\"has-text-align-left wp-block-heading\">INTELLECTUAL PROPERTY<\/h2>\n\n\n\n<p>The brands, logos, signs as well as all the contents of the site (texts, images, sound...) are protected by the Code of the intellectual property and more particularly by the copyright.<\/p>\n\n\n\n<p>The brand le grand jacquet is a registered trademark of SCEA DOMAINE DU GRAND JACQUET. any representation and\/or reproduction and\/or partial or total exploitation of this brand, of any nature whatsoever, is totally prohibited.<\/p>\n\n\n\n<p>The User must request prior authorization from the site for any reproduction, publication or copy of the various contents. The User undertakes to use the contents of the site in a strictly private context, any use for commercial and advertising purposes is strictly forbidden.<\/p>\n\n\n\n<p>Any total or partial representation of this site by any process whatsoever, without the express permission of the operator of the website would constitute an infringement punishable by Article L 335-2 and following of the Code of Intellectual Property.<\/p>\n\n\n\n<p>It is recalled in accordance with Article L122-5 of the Code of Intellectual Property that the User who reproduces, copies or publishes the protected content must cite the author and its source.<\/p>\n\n\n\n<h2 class=\"has-text-align-left wp-block-heading\">RESPONSIBILITY<\/h2>\n\n\n\n<p>The sources of the information published on the site http:\/\/www.grandjacquet.fr are deemed reliable but the site does not guarantee that it is free of defects, errors or omissions.<\/p>\n\n\n\n<p>The information communicated is presented as an indication and general without contractual value. Despite regular updates, the site http:\/\/www.grandjacquet.fr cannot be held responsible for changes in administrative and legal provisions occurring after publication. Similarly, the site cannot be held responsible for the use and interpretation of the information contained in this site.<\/p>\n\n\n\n<p>The User is responsible for keeping the password secret. Any disclosure of the password, in whatever form, is prohibited. The User assumes all risks related to the use of his login and password. The site declines all responsibility.<\/p>\n\n\n\n<p>The site http:\/\/www.grandjacquet.fr cannot be held responsible for possible viruses that could infect the computer or any computer equipment of the Internet user, following use, access or downloading from this site.<\/p>\n\n\n\n<p>The responsibility of the site can not be engaged in case of force majeure or unforeseeable and insurmountable fact of a third party.<\/p>\n\n\n\n<h2 class=\"has-text-align-left wp-block-heading\">HYPERLINKS<\/h2>\n\n\n\n<p>Hypertext links may be present on the site. The User is informed that by clicking on these links, he\/she will leave the site http:\/\/www.grandjacquet.fr. The latter has no control over the web pages to which its links lead and cannot, in any case, be responsible for their content.<\/p>\n\n\n\n<h2 class=\"has-text-align-left wp-block-heading\">COOKIES<\/h2>\n\n\n\n<p>The User is informed that during his visits to the site, a cookie may be automatically installed on his browser.<\/p>\n\n\n\n<p>Cookies are small files that are temporarily stored on the User's computer hard drive by your browser and are necessary for the use of the http:\/\/www.grandjacquet.fr website. Cookies do not contain personal information and cannot be used to identify anyone. A cookie contains a unique identifier, randomly generated and therefore anonymous. Some cookies expire at the end of the User's visit, others remain.<\/p>\n\n\n\n<p>The information contained in the cookies is used to improve the http:\/\/www.grandjacquet.fr website.<br>By browsing the site, the User accepts them. <br>However, the User must consent to the use of certain cookies.<br>In the absence of acceptance, the User is informed that certain functionalities or pages may be refused.<br>The User may deactivate these cookies through the settings in his or her browser software.<\/p>\n\n\n\n<h2 class=\"has-text-align-left wp-block-heading\">APPLICABLE LAW AND JURISDICTION<\/h2>\n\n\n\n<p>French law applies to this contract. In the event of failure to resolve a dispute between the parties amicably, the French courts shall have sole jurisdiction.<\/p>\n\n\n\n<p>For any question relating to the application of these TOS, you can contact the publisher at the coordinates listed in the paragraph LEGAL INFORMATION.<\/p>","protected":false},"excerpt":{"rendered":"<p>Mineurs : en vertu de l\u2019ordonnance n\u00b059-107 du 7 janvier 1959 et de la loi n\u00b074-631 du 5 juillet 1974, la vente d\u2019alcool \u00e0 des mineurs de moins de 18 ans est interdite. Toute personne commandant du vin sur grandjacquet.fr s\u2019engage donc \u00e0 avoir la majorit\u00e9 dans le pays o\u00f9 il se trouve au moment de l\u2019achat et de sa consommation. Abus d\u2019alcool : L\u2019abus d\u2019alcool est dangereux pour la sant\u00e9. Sachez donc le consommer et l\u2019appr\u00e9cier avec mod\u00e9ration. INFORMATIONS L\u00c9GALES SCEA DOMAINE DU GRAND JACQUETResponsable : JACQUET Jo\u00eblSi\u00e8ge social : 2869 ROUTE DE CARPENTRAS 84380 MAZAN FranceT\u00e9l\u00e9phone : +33 (0)4 90 63 24 87E-mail :&nbsp;domaine@grandjacquet.frN\u00b0 de Siret : 41755201500014 CONCEPTION VitiProm14 Rue de le Verrerie 13100 Aix-en-ProvenceT\u00e9l\u00e9phone : 06.40.40.63.69E-mail : contact.vitiprom@gmail.com ACC\u00c8S AU SITE Le site http:\/\/www.grandjacquet.fr permet \u00e0 l&rsquo;Utilisateur un acc\u00e8s aux services suivant : Ventes de boissons alcoolis\u00e9es. Le site est accessible gratuitement en tout lieu \u00e0 tout Utilisateur ayant un acc\u00e8s \u00e0 Internet. Tous les frais support\u00e9s par l&rsquo;Utilisateur pour acc\u00e9der au service (mat\u00e9riel informatique, logiciels, connexion Internet, etc.) sont \u00e0 sa charge. L\u2019Utilisateur non membre n&rsquo;a pas acc\u00e8s aux services r\u00e9serv\u00e9s. Pour cela, il doit s\u2019inscrire en remplissant le formulaire. En acceptant de s\u2019inscrire aux services r\u00e9serv\u00e9s, l\u2019Utilisateur membre s\u2019engage \u00e0 fournir des informations sinc\u00e8res et exactes concernant son \u00e9tat civil et ses coordonn\u00e9es, notamment son adresse email. Pour acc\u00e9der aux services, l\u2019Utilisateur doit ensuite s&rsquo;identifier \u00e0 l&rsquo;aide de son identifiant et de son mot de passe. Tout \u00e9v\u00e9nement d\u00fb \u00e0 un cas de force majeure ayant pour cons\u00e9quence un dysfonctionnement du site ou serveur et sous r\u00e9serve de toute interruption ou modification en cas de maintenance, n&rsquo;engage pas la responsabilit\u00e9 de http:\/\/www.grandjacquet.fr. Dans ces cas, l\u2019Utilisateur accepte ainsi ne pas tenir rigueur \u00e0 l\u2019\u00e9diteur de toute interruption ou suspension de service, m\u00eame sans pr\u00e9avis. COLLECTE DE DONN\u00c9ES Le site assure \u00e0 l&rsquo;Utilisateur une collecte et un traitement d&rsquo;informations personnelles dans le respect de la vie priv\u00e9e conform\u00e9ment \u00e0 la loi n\u00b078-17 du 6 janvier 1978 relative \u00e0 l&rsquo;informatique, aux fichiers et aux libert\u00e9s. En vertu de la loi Informatique et Libert\u00e9s, en date du 6 janvier 1978, l&rsquo;Utilisateur dispose d&rsquo;un droit d&rsquo;acc\u00e8s, de rectification, de suppression et d&rsquo;opposition de ses donn\u00e9es personnelles. PROPRI\u00c9T\u00c9 INTELLECTUELLE Les marques, logos, signes ainsi que tous les contenus du site (textes, images, son\u2026) font l&rsquo;objet d&rsquo;une protection par le Code de la propri\u00e9t\u00e9 intellectuelle et plus particuli\u00e8rement par le droit d&rsquo;auteur. La marque le grand jacquet&nbsp;est une marque d\u00e9pos\u00e9e par &nbsp;SCEA DOMAINE DU GRAND JACQUET .Toute repr\u00e9sentation et\/ou reproduction et\/ou exploitation partielle ou totale de cette marque, de quelque nature que ce soit, est totalement prohib\u00e9e. L&rsquo;Utilisateur doit solliciter l&rsquo;autorisation pr\u00e9alable du site pour toute reproduction, publication, copie des diff\u00e9rents contenus. Il s&rsquo;engage \u00e0 une utilisation des contenus du site dans un cadre strictement priv\u00e9, toute utilisation \u00e0 des fins commerciales et publicitaires est strictement interdite. Toute repr\u00e9sentation totale ou partielle de ce site par quelque proc\u00e9d\u00e9 que ce soit, sans l\u2019autorisation expresse de l\u2019exploitant du site Internet constituerait une contrefa\u00e7on sanctionn\u00e9e par l\u2019article L 335-2 et suivants du Code de la propri\u00e9t\u00e9 intellectuelle. Il est rappel\u00e9 conform\u00e9ment \u00e0 l\u2019article L122-5 du Code de propri\u00e9t\u00e9 intellectuelle que l\u2019Utilisateur qui reproduit, copie ou publie le contenu prot\u00e9g\u00e9 doit citer l\u2019auteur et sa source. RESPONSABILIT\u00c9 Les sources des informations diffus\u00e9es sur le site http:\/\/www.grandjacquet.fr sont r\u00e9put\u00e9es fiables mais le site ne garantit pas qu\u2019il soit exempt de d\u00e9fauts, d\u2019erreurs ou d\u2019omissions. Les informations communiqu\u00e9es sont pr\u00e9sent\u00e9es \u00e0 titre indicatif et g\u00e9n\u00e9ral sans valeur contractuelle. Malgr\u00e9 des mises \u00e0 jour r\u00e9guli\u00e8res, le site http:\/\/www.grandjacquet.fr ne peut \u00eatre tenu responsable de la modification des dispositions administratives et juridiques survenant apr\u00e8s la publication. De m\u00eame, le site ne peut \u00eatre tenu responsable de l\u2019utilisation et de l\u2019interpr\u00e9tation de l\u2019information contenue dans ce site. L&rsquo;Utilisateur s&rsquo;assure de garder son mot de passe secret. Toute divulgation du mot de passe, quelle que soit sa forme, est interdite. Il assume les risques li\u00e9s \u00e0 l&rsquo;utilisation de son identifiant et mot de passe. Le site d\u00e9cline toute responsabilit\u00e9. Le site http:\/\/www.grandjacquet.fr ne peut \u00eatre tenu pour responsable d\u2019\u00e9ventuels virus qui pourraient infecter l\u2019ordinateur ou tout mat\u00e9riel informatique de l\u2019Internaute, suite \u00e0 une utilisation, \u00e0 l\u2019acc\u00e8s, ou au t\u00e9l\u00e9chargement provenant de ce site. La responsabilit\u00e9 du site ne peut \u00eatre engag\u00e9e en cas de force majeure ou du fait impr\u00e9visible et insurmontable d&rsquo;un tiers. LIENS HYPERTEXTES Des liens hypertextes peuvent \u00eatre pr\u00e9sents sur le site. L\u2019Utilisateur est inform\u00e9 qu\u2019en cliquant sur ses liens, il sortira du site http:\/\/www.grandjacquet.fr. Ce dernier n\u2019a pas de contr\u00f4le sur les pages web sur lesquelles aboutissent ses liens et ne saurait, en aucun cas, \u00eatre responsable de leur contenu. COOKIES L\u2019Utilisateur est inform\u00e9 que lors de ses visites sur le site, un cookie peut s\u2019installer automatiquement sur son logiciel de navigation. Les cookies sont de petits fichiers stock\u00e9s temporairement sur le disque dur de l\u2019ordinateur de l\u2019Utilisateur par votre navigateur et qui sont n\u00e9cessaires \u00e0 l\u2019utilisation du site http:\/\/www.grandjacquet.fr. Les cookies ne contiennent pas d\u2019informations personnelles et ne peuvent pas \u00eatre utilis\u00e9s pour identifier quelqu\u2019un. Un cookie contient un identifiant unique, g\u00e9n\u00e9r\u00e9 al\u00e9atoirement et donc anonyme. Certains cookies expirent \u00e0 la fin de la visite de l\u2019Utilisateur, d\u2019autres restent. L\u2019information contenue dans les cookies est utilis\u00e9e pour am\u00e9liorer le site http:\/\/www.grandjacquet.fr.En naviguant sur le site, L\u2019Utilisateur les accepte. L\u2019Utilisateur doit toutefois donner son consentement quant \u00e0 l\u2019utilisation de certains cookies.\u00c0 d\u00e9faut d\u2019acceptation, l\u2019Utilisateur est inform\u00e9 que certaines fonctionnalit\u00e9s ou pages risquent de lui \u00eatre refus\u00e9es.L\u2019Utilisateur pourra d\u00e9sactiver ces cookies par l\u2019interm\u00e9diaire des param\u00e8tres figurant au sein de son logiciel de navigation. DROIT APPLICABLE ET JURIDICTION COMP\u00c9TENTE La l\u00e9gislation fran\u00e7aise s&rsquo;applique au pr\u00e9sent contrat. En cas d&rsquo;absence de r\u00e9solution amiable d&rsquo;un litige n\u00e9 entre les parties, les tribunaux fran\u00e7ais seront seuls comp\u00e9tents pour en conna\u00eetre. Pour toute question relative \u00e0 l\u2019application des pr\u00e9sentes CGU, vous pouvez joindre l\u2019\u00e9diteur aux coordonn\u00e9es inscrites au paragraphe INFORMATIONS L\u00c9GALES.<\/p>","protected":false},"author":1,"featured_media":0,"parent":0,"menu_order":0,"comment_status":"closed","ping_status":"closed","template":"","meta":{"_kad_post_transparent":"","_kad_post_title":"","_kad_post_layout":"","_kad_post_sidebar_id":"","_kad_post_content_style":"","_kad_post_vertical_padding":"","_kad_post_feature":"","_kad_post_feature_position":"","_kad_post_header":false,"_kad_post_footer":false,"_kad_post_classname":"","footnotes":""},"class_list":["post-3","page","type-page","status-publish","hentry"],"yoast_head":"<!-- This site is optimized with the Yoast SEO plugin v27.4 - https:\/\/yoast.com\/product\/yoast-seo-wordpress\/ -->\n<title>Mentions L\u00e9gales | Grand Jacquet<\/title>\n<meta name=\"description\" content=\"Pour toute question relative \u00e0 l\u2019application des pr\u00e9sentes CGU, vous pouvez joindre l\u2019\u00e9diteur aux coordonn\u00e9es inscrites.\" \/>\n<meta name=\"robots\" content=\"index, follow, max-snippet:-1, max-image-preview:large, max-video-preview:-1\" \/>\n<link rel=\"canonical\" href=\"https:\/\/www.grandjacquet.fr\/en\/politique-de-confidentialite\/\" \/>\n<meta property=\"og:locale\" content=\"en_GB\" \/>\n<meta property=\"og:type\" content=\"article\" \/>\n<meta property=\"og:title\" content=\"Mentions L\u00e9gales | Grand Jacquet\" \/>\n<meta property=\"og:description\" content=\"Pour toute question relative \u00e0 l\u2019application des pr\u00e9sentes CGU, vous pouvez joindre l\u2019\u00e9diteur aux coordonn\u00e9es inscrites.\" \/>\n<meta property=\"og:url\" content=\"https:\/\/www.grandjacquet.fr\/en\/politique-de-confidentialite\/\" \/>\n<meta property=\"og:site_name\" content=\"Grand Jacquet\" \/>\n<meta property=\"article:publisher\" content=\"https:\/\/www.facebook.com\/people\/Domaine-Grand-Jacquet\/100063467950836\/\" \/>\n<meta property=\"article:modified_time\" content=\"2022-09-13T13:23:08+00:00\" \/>\n<meta name=\"twitter:card\" content=\"summary_large_image\" \/>\n<meta name=\"twitter:site\" content=\"@domgrandjacquet\" \/>\n<script type=\"application\/ld+json\" class=\"yoast-schema-graph\">{\"@context\":\"https:\\\/\\\/schema.org\",\"@graph\":[{\"@type\":\"WebPage\",\"@id\":\"https:\\\/\\\/www.grandjacquet.fr\\\/politique-de-confidentialite\\\/\",\"url\":\"https:\\\/\\\/www.grandjacquet.fr\\\/politique-de-confidentialite\\\/\",\"name\":\"Mentions L\u00e9gales | Grand Jacquet\",\"isPartOf\":{\"@id\":\"https:\\\/\\\/www.grandjacquet.fr\\\/#website\"},\"datePublished\":\"2022-01-29T13:19:38+00:00\",\"dateModified\":\"2022-09-13T13:23:08+00:00\",\"description\":\"Pour toute question relative \u00e0 l\u2019application des pr\u00e9sentes CGU, vous pouvez joindre l\u2019\u00e9diteur aux coordonn\u00e9es inscrites.\",\"breadcrumb\":{\"@id\":\"https:\\\/\\\/www.grandjacquet.fr\\\/politique-de-confidentialite\\\/#breadcrumb\"},\"inLanguage\":\"en-GB\",\"potentialAction\":[{\"@type\":\"ReadAction\",\"target\":[\"https:\\\/\\\/www.grandjacquet.fr\\\/politique-de-confidentialite\\\/\"]}]},{\"@type\":\"BreadcrumbList\",\"@id\":\"https:\\\/\\\/www.grandjacquet.fr\\\/politique-de-confidentialite\\\/#breadcrumb\",\"itemListElement\":[{\"@type\":\"ListItem\",\"position\":1,\"name\":\"Accueil\",\"item\":\"https:\\\/\\\/www.grandjacquet.fr\\\/\"},{\"@type\":\"ListItem\",\"position\":2,\"name\":\"Mentions L\u00e9gales\"}]},{\"@type\":\"WebSite\",\"@id\":\"https:\\\/\\\/www.grandjacquet.fr\\\/#website\",\"url\":\"https:\\\/\\\/www.grandjacquet.fr\\\/\",\"name\":\"Grand Jacquet\",\"description\":\"\",\"publisher\":{\"@id\":\"https:\\\/\\\/www.grandjacquet.fr\\\/#organization\"},\"potentialAction\":[{\"@type\":\"SearchAction\",\"target\":{\"@type\":\"EntryPoint\",\"urlTemplate\":\"https:\\\/\\\/www.grandjacquet.fr\\\/?s={search_term_string}\"},\"query-input\":{\"@type\":\"PropertyValueSpecification\",\"valueRequired\":true,\"valueName\":\"search_term_string\"}}],\"inLanguage\":\"en-GB\"},{\"@type\":\"Organization\",\"@id\":\"https:\\\/\\\/www.grandjacquet.fr\\\/#organization\",\"name\":\"Domaine du Grand Jacquet\",\"alternateName\":\"Domaine Grand Jacquet\",\"url\":\"https:\\\/\\\/www.grandjacquet.fr\\\/\",\"logo\":{\"@type\":\"ImageObject\",\"inLanguage\":\"en-GB\",\"@id\":\"https:\\\/\\\/www.grandjacquet.fr\\\/#\\\/schema\\\/logo\\\/image\\\/\",\"url\":\"https:\\\/\\\/www.grandjacquet.fr\\\/wp-content\\\/uploads\\\/2022\\\/05\\\/lechene.png\",\"contentUrl\":\"https:\\\/\\\/www.grandjacquet.fr\\\/wp-content\\\/uploads\\\/2022\\\/05\\\/lechene.png\",\"width\":126,\"height\":95,\"caption\":\"Domaine du Grand Jacquet\"},\"image\":{\"@id\":\"https:\\\/\\\/www.grandjacquet.fr\\\/#\\\/schema\\\/logo\\\/image\\\/\"},\"sameAs\":[\"https:\\\/\\\/www.facebook.com\\\/people\\\/Domaine-Grand-Jacquet\\\/100063467950836\\\/\",\"https:\\\/\\\/x.com\\\/domgrandjacquet\",\"https:\\\/\\\/www.instagram.com\\\/domainegrandjacquet\\\/?hl=fr\"]}]}<\/script>\n<!-- \/ Yoast SEO plugin. -->","yoast_head_json":{"title":"Mentions L\u00e9gales | Grand Jacquet","description":"Pour toute question relative \u00e0 l\u2019application des pr\u00e9sentes CGU, vous pouvez joindre l\u2019\u00e9diteur aux coordonn\u00e9es inscrites.","robots":{"index":"index","follow":"follow","max-snippet":"max-snippet:-1","max-image-preview":"max-image-preview:large","max-video-preview":"max-video-preview:-1"},"canonical":"https:\/\/www.grandjacquet.fr\/en\/politique-de-confidentialite\/","og_locale":"en_GB","og_type":"article","og_title":"Mentions L\u00e9gales | Grand Jacquet","og_description":"Pour toute question relative \u00e0 l\u2019application des pr\u00e9sentes CGU, vous pouvez joindre l\u2019\u00e9diteur aux coordonn\u00e9es inscrites.","og_url":"https:\/\/www.grandjacquet.fr\/en\/politique-de-confidentialite\/","og_site_name":"Grand Jacquet","article_publisher":"https:\/\/www.facebook.com\/people\/Domaine-Grand-Jacquet\/100063467950836\/","article_modified_time":"2022-09-13T13:23:08+00:00","twitter_card":"summary_large_image","twitter_site":"@domgrandjacquet","schema":{"@context":"https:\/\/schema.org","@graph":[{"@type":"WebPage","@id":"https:\/\/www.grandjacquet.fr\/politique-de-confidentialite\/","url":"https:\/\/www.grandjacquet.fr\/politique-de-confidentialite\/","name":"Mentions L\u00e9gales | Grand Jacquet","isPartOf":{"@id":"https:\/\/www.grandjacquet.fr\/#website"},"datePublished":"2022-01-29T13:19:38+00:00","dateModified":"2022-09-13T13:23:08+00:00","description":"Pour toute question relative \u00e0 l\u2019application des pr\u00e9sentes CGU, vous pouvez joindre l\u2019\u00e9diteur aux coordonn\u00e9es inscrites.","breadcrumb":{"@id":"https:\/\/www.grandjacquet.fr\/politique-de-confidentialite\/#breadcrumb"},"inLanguage":"en-GB","potentialAction":[{"@type":"ReadAction","target":["https:\/\/www.grandjacquet.fr\/politique-de-confidentialite\/"]}]},{"@type":"BreadcrumbList","@id":"https:\/\/www.grandjacquet.fr\/politique-de-confidentialite\/#breadcrumb","itemListElement":[{"@type":"ListItem","position":1,"name":"Accueil","item":"https:\/\/www.grandjacquet.fr\/"},{"@type":"ListItem","position":2,"name":"Mentions L\u00e9gales"}]},{"@type":"WebSite","@id":"https:\/\/www.grandjacquet.fr\/#website","url":"https:\/\/www.grandjacquet.fr\/","name":"Grand Jacquet","description":"","publisher":{"@id":"https:\/\/www.grandjacquet.fr\/#organization"},"potentialAction":[{"@type":"SearchAction","target":{"@type":"EntryPoint","urlTemplate":"https:\/\/www.grandjacquet.fr\/?s={search_term_string}"},"query-input":{"@type":"PropertyValueSpecification","valueRequired":true,"valueName":"search_term_string"}}],"inLanguage":"en-GB"},{"@type":"Organization","@id":"https:\/\/www.grandjacquet.fr\/#organization","name":"Domaine du Grand Jacquet","alternateName":"Domaine Grand Jacquet","url":"https:\/\/www.grandjacquet.fr\/","logo":{"@type":"ImageObject","inLanguage":"en-GB","@id":"https:\/\/www.grandjacquet.fr\/#\/schema\/logo\/image\/","url":"https:\/\/www.grandjacquet.fr\/wp-content\/uploads\/2022\/05\/lechene.png","contentUrl":"https:\/\/www.grandjacquet.fr\/wp-content\/uploads\/2022\/05\/lechene.png","width":126,"height":95,"caption":"Domaine du Grand Jacquet"},"image":{"@id":"https:\/\/www.grandjacquet.fr\/#\/schema\/logo\/image\/"},"sameAs":["https:\/\/www.facebook.com\/people\/Domaine-Grand-Jacquet\/100063467950836\/","https:\/\/x.com\/domgrandjacquet","https:\/\/www.instagram.com\/domainegrandjacquet\/?hl=fr"]}]}},"_links":{"self":[{"href":"https:\/\/www.grandjacquet.fr\/en\/wp-json\/wp\/v2\/pages\/3","targetHints":{"allow":["GET"]}}],"collection":[{"href":"https:\/\/www.grandjacquet.fr\/en\/wp-json\/wp\/v2\/pages"}],"about":[{"href":"https:\/\/www.grandjacquet.fr\/en\/wp-json\/wp\/v2\/types\/page"}],"author":[{"embeddable":true,"href":"https:\/\/www.grandjacquet.fr\/en\/wp-json\/wp\/v2\/users\/1"}],"replies":[{"embeddable":true,"href":"https:\/\/www.grandjacquet.fr\/en\/wp-json\/wp\/v2\/comments?post=3"}],"version-history":[{"count":0,"href":"https:\/\/www.grandjacquet.fr\/en\/wp-json\/wp\/v2\/pages\/3\/revisions"}],"wp:attachment":[{"href":"https:\/\/www.grandjacquet.fr\/en\/wp-json\/wp\/v2\/media?parent=3"}],"curies":[{"name":"wp","href":"https:\/\/api.w.org\/{rel}","templated":true}]}}