{"id":2780,"date":"2022-04-07T12:44:54","date_gmt":"2022-04-07T12:44:54","guid":{"rendered":"http:\/\/www.grandjacquet.fr\/?post_type=product&#038;p=2780"},"modified":"2025-12-01T00:02:40","modified_gmt":"2025-12-01T00:02:40","slug":"rendez-vous-sous-le-chene-rouge-2022","status":"publish","type":"product","link":"http:\/\/www.grandjacquet.fr\/en\/la-boutique-en-ligne\/rendez-vous-sous-le-chene-rouge-2022\/","title":{"rendered":"rendez-vous sous le ch\u00eane&#8230;- rouge 2022"},"content":{"rendered":"<h6><span class=\"JsGRdQ\"><i class=\"fas fa-location-dot\"><\/i> <\/span><span class=\"JsGRdQ\">Appellation<\/span><\/h6>\n<p><span class=\"JsGRdQ\">AOC Ventoux - Organic wine<\/span><\/p>\n<h6><span class=\"JsGRdQ\"><i class=\"fas fa-wine-bottle\"><\/i> <\/span><span class=\"JsGRdQ\">Grape Variety<\/span><\/h6>\n<p><span class=\"JsGRdQ\">Grenache (90%), Syrah (10%).<\/span><\/p>\n<h6><span class=\"JsGRdQ\"><i class=\"fas fa-chart-line\"><\/i> <\/span><span class=\"JsGRdQ\">Yield<\/span><\/h6>\n<p><span class=\"JsGRdQ\">35 hl\/ha<\/span><\/p>\n<h6><span class=\"JsGRdQ\"><i class=\"fas fa-cheese\"><\/i> <\/span><span class=\"JsGRdQ\">Food paring suggestions<\/span><\/h6>\n<p><span class=\"JsGRdQ\">Toast\/sliced black tapenade, roasted farm chicken and potatoes, roast pork.<\/span><\/p>\n<h6><span class=\"JsGRdQ\"><i class=\"far fa-hourglass\"><\/i> <\/span><span class=\"JsGRdQ\">Potential<\/span><\/h6>\n<p><span class=\"JsGRdQ\">\u00c0 boire dans l&rsquo;ann\u00e9e sur le fruit. Peut \u00eatre gard\u00e9 3-5 ans.<\/span><\/p>\n<h6><i class=\"far fa-file-pdf\"><\/i> Download the technical sheet<\/h6>\n<p><a href=\"https:\/\/www.grandjacquet.fr\/wp-content\/uploads\/2023\/10\/rendez-vous-sous-le-chene-rouge-anglais.pdf\" target=\"_blank\" rel=\"noopener\">rendez-vous sous le che\u0302ne&#8230;rouge<\/a><\/p>","protected":false},"excerpt":{"rendered":"<p class=\"_04xlpA direction-ltr align-justify para-style-body\"><span class=\"JsGRdQ\">Concentrated, fleshy, supple with notes of black fruit <\/span><span class=\"JsGRdQ\">et de r\u00e9glisse. Une robe grenat aux reflets violines orang\u00e9s. Le nez est expressif sur les fruits noirs, r\u00e9glisse. La bouche est fraiche, fluide et d\u2019une bonne concentration, les tanins sont fins, enrob\u00e9s et persistants sur la finale. Un rouge de caract\u00e8re, facile \u00e0 boire. Servir entre 14-16 degr\u00e9s ou l\u00e9g\u00e8rement frais l&rsquo;\u00e9t\u00e9.<\/span><\/p>","protected":false},"featured_media":5175,"template":"","meta":{"_kad_post_transparent":"default","_kad_post_title":"","_kad_post_layout":"default","_kad_post_sidebar_id":"","_kad_post_content_style":"default","_kad_post_vertical_padding":"default","_kad_post_feature":"","_kad_post_feature_position":"","_kad_post_header":false,"_kad_post_footer":false,"_kad_post_classname":""},"product_brand":[],"product_cat":[32],"product_tag":[],"class_list":{"0":"post-2780","1":"product","2":"type-product","3":"status-publish","4":"has-post-thumbnail","6":"product_cat-rendez-vous-sous-le-chene","8":"first","9":"instock","10":"taxable","11":"shipping-taxable","12":"purchasable","13":"product-type-simple","14":"entry","15":"content-bg","16":"loop-entry"},"yoast_head":"<!-- This site is optimized with the Yoast SEO plugin v27.4 - https:\/\/yoast.com\/product\/yoast-seo-wordpress\/ -->\n<title>rendez-vous sous le ch\u00eane...rouge | AOC Ventoux | Grand Jacquet<\/title>\n<meta name=\"description\" content=\"rendez-vous sous le ch\u00eane...rouge. Concentr\u00e9, charnu, souple sur des notes de fruits noirs et de r\u00e9glisse. Une robe grenat aux reflets violines orang\u00e9s.\" \/>\n<meta name=\"robots\" content=\"index, follow, max-snippet:-1, max-image-preview:large, max-video-preview:-1\" \/>\n<link rel=\"canonical\" href=\"https:\/\/www.grandjacquet.fr\/en\/la-boutique-en-ligne\/rendez-vous-sous-le-chene-rouge-2022\/\" \/>\n<meta property=\"og:locale\" content=\"en_GB\" \/>\n<meta property=\"og:type\" content=\"article\" \/>\n<meta property=\"og:title\" content=\"rendez-vous sous le ch\u00eane...rouge | AOC Ventoux | Grand Jacquet\" \/>\n<meta property=\"og:description\" content=\"rendez-vous sous le ch\u00eane...rouge. Concentr\u00e9, charnu, souple sur des notes de fruits noirs et de r\u00e9glisse. Une robe grenat aux reflets violines orang\u00e9s.\" \/>\n<meta property=\"og:url\" content=\"https:\/\/www.grandjacquet.fr\/en\/la-boutique-en-ligne\/rendez-vous-sous-le-chene-rouge-2022\/\" \/>\n<meta property=\"og:site_name\" content=\"Grand Jacquet\" \/>\n<meta property=\"article:publisher\" content=\"https:\/\/www.facebook.com\/people\/Domaine-Grand-Jacquet\/100063467950836\/\" \/>\n<meta property=\"article:modified_time\" content=\"2025-12-01T00:02:40+00:00\" \/>\n<meta property=\"og:image\" content=\"https:\/\/www.grandjacquet.fr\/wp-content\/uploads\/2022\/04\/rdvsouslechenerouge.png\" \/>\n\t<meta property=\"og:image:width\" content=\"1080\" \/>\n\t<meta property=\"og:image:height\" content=\"1080\" \/>\n\t<meta property=\"og:image:type\" content=\"image\/png\" \/>\n<meta name=\"twitter:card\" content=\"summary_large_image\" \/>\n<meta name=\"twitter:site\" content=\"@domgrandjacquet\" \/>\n<script type=\"application\/ld+json\" class=\"yoast-schema-graph\">{\"@context\":\"https:\\\/\\\/schema.org\",\"@graph\":[{\"@type\":\"WebPage\",\"@id\":\"https:\\\/\\\/www.grandjacquet.fr\\\/la-boutique-en-ligne\\\/rendez-vous-sous-le-chene-rouge-2022\\\/\",\"url\":\"https:\\\/\\\/www.grandjacquet.fr\\\/la-boutique-en-ligne\\\/rendez-vous-sous-le-chene-rouge-2022\\\/\",\"name\":\"rendez-vous sous le ch\u00eane...rouge | AOC Ventoux | Grand Jacquet\",\"isPartOf\":{\"@id\":\"https:\\\/\\\/www.grandjacquet.fr\\\/#website\"},\"primaryImageOfPage\":{\"@id\":\"https:\\\/\\\/www.grandjacquet.fr\\\/la-boutique-en-ligne\\\/rendez-vous-sous-le-chene-rouge-2022\\\/#primaryimage\"},\"image\":{\"@id\":\"https:\\\/\\\/www.grandjacquet.fr\\\/la-boutique-en-ligne\\\/rendez-vous-sous-le-chene-rouge-2022\\\/#primaryimage\"},\"thumbnailUrl\":\"https:\\\/\\\/www.grandjacquet.fr\\\/wp-content\\\/uploads\\\/2022\\\/04\\\/rdvsouslechenerouge.png\",\"datePublished\":\"2022-04-07T12:44:54+00:00\",\"dateModified\":\"2025-12-01T00:02:40+00:00\",\"description\":\"rendez-vous sous le ch\u00eane...rouge. Concentr\u00e9, charnu, souple sur des notes de fruits noirs et de r\u00e9glisse. Une robe grenat aux reflets violines orang\u00e9s.\",\"breadcrumb\":{\"@id\":\"https:\\\/\\\/www.grandjacquet.fr\\\/la-boutique-en-ligne\\\/rendez-vous-sous-le-chene-rouge-2022\\\/#breadcrumb\"},\"inLanguage\":\"en-GB\",\"potentialAction\":[{\"@type\":\"ReadAction\",\"target\":[\"https:\\\/\\\/www.grandjacquet.fr\\\/la-boutique-en-ligne\\\/rendez-vous-sous-le-chene-rouge-2022\\\/\"]}]},{\"@type\":\"ImageObject\",\"inLanguage\":\"en-GB\",\"@id\":\"https:\\\/\\\/www.grandjacquet.fr\\\/la-boutique-en-ligne\\\/rendez-vous-sous-le-chene-rouge-2022\\\/#primaryimage\",\"url\":\"https:\\\/\\\/www.grandjacquet.fr\\\/wp-content\\\/uploads\\\/2022\\\/04\\\/rdvsouslechenerouge.png\",\"contentUrl\":\"https:\\\/\\\/www.grandjacquet.fr\\\/wp-content\\\/uploads\\\/2022\\\/04\\\/rdvsouslechenerouge.png\",\"width\":1080,\"height\":1080,\"caption\":\"rendez-vous sous le ch\u00eane...rouge\"},{\"@type\":\"BreadcrumbList\",\"@id\":\"https:\\\/\\\/www.grandjacquet.fr\\\/la-boutique-en-ligne\\\/rendez-vous-sous-le-chene-rouge-2022\\\/#breadcrumb\",\"itemListElement\":[{\"@type\":\"ListItem\",\"position\":1,\"name\":\"Accueil\",\"item\":\"https:\\\/\\\/www.grandjacquet.fr\\\/\"},{\"@type\":\"ListItem\",\"position\":2,\"name\":\"La boutique en ligne\",\"item\":\"https:\\\/\\\/www.grandjacquet.fr\\\/la-boutique-en-ligne\\\/\"},{\"@type\":\"ListItem\",\"position\":3,\"name\":\"rendez-vous sous le ch\u00eane&#8230;- rouge 2022\"}]},{\"@type\":\"WebSite\",\"@id\":\"https:\\\/\\\/www.grandjacquet.fr\\\/#website\",\"url\":\"https:\\\/\\\/www.grandjacquet.fr\\\/\",\"name\":\"Grand Jacquet\",\"description\":\"\",\"publisher\":{\"@id\":\"https:\\\/\\\/www.grandjacquet.fr\\\/#organization\"},\"potentialAction\":[{\"@type\":\"SearchAction\",\"target\":{\"@type\":\"EntryPoint\",\"urlTemplate\":\"https:\\\/\\\/www.grandjacquet.fr\\\/?s={search_term_string}\"},\"query-input\":{\"@type\":\"PropertyValueSpecification\",\"valueRequired\":true,\"valueName\":\"search_term_string\"}}],\"inLanguage\":\"en-GB\"},{\"@type\":\"Organization\",\"@id\":\"https:\\\/\\\/www.grandjacquet.fr\\\/#organization\",\"name\":\"Domaine du Grand Jacquet\",\"alternateName\":\"Domaine Grand Jacquet\",\"url\":\"https:\\\/\\\/www.grandjacquet.fr\\\/\",\"logo\":{\"@type\":\"ImageObject\",\"inLanguage\":\"en-GB\",\"@id\":\"https:\\\/\\\/www.grandjacquet.fr\\\/#\\\/schema\\\/logo\\\/image\\\/\",\"url\":\"https:\\\/\\\/www.grandjacquet.fr\\\/wp-content\\\/uploads\\\/2022\\\/05\\\/lechene.png\",\"contentUrl\":\"https:\\\/\\\/www.grandjacquet.fr\\\/wp-content\\\/uploads\\\/2022\\\/05\\\/lechene.png\",\"width\":126,\"height\":95,\"caption\":\"Domaine du Grand Jacquet\"},\"image\":{\"@id\":\"https:\\\/\\\/www.grandjacquet.fr\\\/#\\\/schema\\\/logo\\\/image\\\/\"},\"sameAs\":[\"https:\\\/\\\/www.facebook.com\\\/people\\\/Domaine-Grand-Jacquet\\\/100063467950836\\\/\",\"https:\\\/\\\/x.com\\\/domgrandjacquet\",\"https:\\\/\\\/www.instagram.com\\\/domainegrandjacquet\\\/?hl=fr\"]}]}<\/script>\n<!-- \/ Yoast SEO plugin. -->","yoast_head_json":{"title":"rendez-vous sous le ch\u00eane...rouge | AOC Ventoux | Grand Jacquet","description":"rendez-vous sous le ch\u00eane...rouge. Concentr\u00e9, charnu, souple sur des notes de fruits noirs et de r\u00e9glisse. Une robe grenat aux reflets violines orang\u00e9s.","robots":{"index":"index","follow":"follow","max-snippet":"max-snippet:-1","max-image-preview":"max-image-preview:large","max-video-preview":"max-video-preview:-1"},"canonical":"https:\/\/www.grandjacquet.fr\/en\/la-boutique-en-ligne\/rendez-vous-sous-le-chene-rouge-2022\/","og_locale":"en_GB","og_type":"article","og_title":"rendez-vous sous le ch\u00eane...rouge | AOC Ventoux | Grand Jacquet","og_description":"rendez-vous sous le ch\u00eane...rouge. Concentr\u00e9, charnu, souple sur des notes de fruits noirs et de r\u00e9glisse. Une robe grenat aux reflets violines orang\u00e9s.","og_url":"https:\/\/www.grandjacquet.fr\/en\/la-boutique-en-ligne\/rendez-vous-sous-le-chene-rouge-2022\/","og_site_name":"Grand Jacquet","article_publisher":"https:\/\/www.facebook.com\/people\/Domaine-Grand-Jacquet\/100063467950836\/","article_modified_time":"2025-12-01T00:02:40+00:00","og_image":[{"width":1080,"height":1080,"url":"https:\/\/www.grandjacquet.fr\/wp-content\/uploads\/2022\/04\/rdvsouslechenerouge.png","type":"image\/png"}],"twitter_card":"summary_large_image","twitter_site":"@domgrandjacquet","schema":{"@context":"https:\/\/schema.org","@graph":[{"@type":"WebPage","@id":"https:\/\/www.grandjacquet.fr\/la-boutique-en-ligne\/rendez-vous-sous-le-chene-rouge-2022\/","url":"https:\/\/www.grandjacquet.fr\/la-boutique-en-ligne\/rendez-vous-sous-le-chene-rouge-2022\/","name":"rendez-vous sous le ch\u00eane...rouge | AOC Ventoux | Grand Jacquet","isPartOf":{"@id":"https:\/\/www.grandjacquet.fr\/#website"},"primaryImageOfPage":{"@id":"https:\/\/www.grandjacquet.fr\/la-boutique-en-ligne\/rendez-vous-sous-le-chene-rouge-2022\/#primaryimage"},"image":{"@id":"https:\/\/www.grandjacquet.fr\/la-boutique-en-ligne\/rendez-vous-sous-le-chene-rouge-2022\/#primaryimage"},"thumbnailUrl":"https:\/\/www.grandjacquet.fr\/wp-content\/uploads\/2022\/04\/rdvsouslechenerouge.png","datePublished":"2022-04-07T12:44:54+00:00","dateModified":"2025-12-01T00:02:40+00:00","description":"rendez-vous sous le ch\u00eane...rouge. Concentr\u00e9, charnu, souple sur des notes de fruits noirs et de r\u00e9glisse. Une robe grenat aux reflets violines orang\u00e9s.","breadcrumb":{"@id":"https:\/\/www.grandjacquet.fr\/la-boutique-en-ligne\/rendez-vous-sous-le-chene-rouge-2022\/#breadcrumb"},"inLanguage":"en-GB","potentialAction":[{"@type":"ReadAction","target":["https:\/\/www.grandjacquet.fr\/la-boutique-en-ligne\/rendez-vous-sous-le-chene-rouge-2022\/"]}]},{"@type":"ImageObject","inLanguage":"en-GB","@id":"https:\/\/www.grandjacquet.fr\/la-boutique-en-ligne\/rendez-vous-sous-le-chene-rouge-2022\/#primaryimage","url":"https:\/\/www.grandjacquet.fr\/wp-content\/uploads\/2022\/04\/rdvsouslechenerouge.png","contentUrl":"https:\/\/www.grandjacquet.fr\/wp-content\/uploads\/2022\/04\/rdvsouslechenerouge.png","width":1080,"height":1080,"caption":"rendez-vous sous le ch\u00eane...rouge"},{"@type":"BreadcrumbList","@id":"https:\/\/www.grandjacquet.fr\/la-boutique-en-ligne\/rendez-vous-sous-le-chene-rouge-2022\/#breadcrumb","itemListElement":[{"@type":"ListItem","position":1,"name":"Accueil","item":"https:\/\/www.grandjacquet.fr\/"},{"@type":"ListItem","position":2,"name":"La boutique en ligne","item":"https:\/\/www.grandjacquet.fr\/la-boutique-en-ligne\/"},{"@type":"ListItem","position":3,"name":"rendez-vous sous le ch\u00eane&#8230;- rouge 2022"}]},{"@type":"WebSite","@id":"https:\/\/www.grandjacquet.fr\/#website","url":"https:\/\/www.grandjacquet.fr\/","name":"Grand Jacquet","description":"","publisher":{"@id":"https:\/\/www.grandjacquet.fr\/#organization"},"potentialAction":[{"@type":"SearchAction","target":{"@type":"EntryPoint","urlTemplate":"https:\/\/www.grandjacquet.fr\/?s={search_term_string}"},"query-input":{"@type":"PropertyValueSpecification","valueRequired":true,"valueName":"search_term_string"}}],"inLanguage":"en-GB"},{"@type":"Organization","@id":"https:\/\/www.grandjacquet.fr\/#organization","name":"Domaine du Grand Jacquet","alternateName":"Domaine Grand Jacquet","url":"https:\/\/www.grandjacquet.fr\/","logo":{"@type":"ImageObject","inLanguage":"en-GB","@id":"https:\/\/www.grandjacquet.fr\/#\/schema\/logo\/image\/","url":"https:\/\/www.grandjacquet.fr\/wp-content\/uploads\/2022\/05\/lechene.png","contentUrl":"https:\/\/www.grandjacquet.fr\/wp-content\/uploads\/2022\/05\/lechene.png","width":126,"height":95,"caption":"Domaine du Grand Jacquet"},"image":{"@id":"https:\/\/www.grandjacquet.fr\/#\/schema\/logo\/image\/"},"sameAs":["https:\/\/www.facebook.com\/people\/Domaine-Grand-Jacquet\/100063467950836\/","https:\/\/x.com\/domgrandjacquet","https:\/\/www.instagram.com\/domainegrandjacquet\/?hl=fr"]}]}},"_links":{"self":[{"href":"http:\/\/www.grandjacquet.fr\/en\/wp-json\/wp\/v2\/product\/2780","targetHints":{"allow":["GET"]}}],"collection":[{"href":"http:\/\/www.grandjacquet.fr\/en\/wp-json\/wp\/v2\/product"}],"about":[{"href":"http:\/\/www.grandjacquet.fr\/en\/wp-json\/wp\/v2\/types\/product"}],"wp:featuredmedia":[{"embeddable":true,"href":"http:\/\/www.grandjacquet.fr\/en\/wp-json\/wp\/v2\/media\/5175"}],"wp:attachment":[{"href":"http:\/\/www.grandjacquet.fr\/en\/wp-json\/wp\/v2\/media?parent=2780"}],"wp:term":[{"taxonomy":"product_brand","embeddable":true,"href":"http:\/\/www.grandjacquet.fr\/en\/wp-json\/wp\/v2\/product_brand?post=2780"},{"taxonomy":"product_cat","embeddable":true,"href":"http:\/\/www.grandjacquet.fr\/en\/wp-json\/wp\/v2\/product_cat?post=2780"},{"taxonomy":"product_tag","embeddable":true,"href":"http:\/\/www.grandjacquet.fr\/en\/wp-json\/wp\/v2\/product_tag?post=2780"}],"curies":[{"name":"wp","href":"https:\/\/api.w.org\/{rel}","templated":true}]}}