{"id":15379,"date":"2023-04-19T12:34:49","date_gmt":"2023-04-19T12:34:49","guid":{"rendered":"https:\/\/www.grandjacquet.fr\/?post_type=product&#038;p=15379"},"modified":"2026-01-30T15:36:03","modified_gmt":"2026-01-30T15:36:03","slug":"les-grandes-dames-rose-2025","status":"publish","type":"product","link":"http:\/\/www.grandjacquet.fr\/en\/la-boutique-en-ligne\/les-grandes-dames-rose-2025\/","title":{"rendered":"les grandes dames &#8211; ros\u00e9 2025"},"content":{"rendered":"<h6><span class=\"JsGRdQ\"><i class=\"fas fa-location-dot\"><\/i>\u00a0<\/span><span class=\"JsGRdQ\">Appellation<\/span><\/h6>\n<p><span class=\"JsGRdQ\">IGP Vaucluse - Organic wine<\/span><\/p>\n<h6><span class=\"JsGRdQ\"><i class=\"fas fa-wine-bottle\"><\/i> <\/span><span class=\"JsGRdQ\">Grape Variety<\/span><\/h6>\n<div class=\"page\" title=\"Page 1\">\n<div class=\"section\">\n<div class=\"layoutArea\">\n<div class=\"column\">\n<div class=\"page\" title=\"Page 1\">\n<div class=\"section\">\n<div class=\"layoutArea\">\n<div class=\"column\">\n<p>Syrah (80%) et Grenache (20%).<\/p>\n<\/div>\n<\/div>\n<\/div>\n<\/div>\n<\/div>\n<\/div>\n<\/div>\n<\/div>\n<h6><span class=\"JsGRdQ\"><i class=\"fas fa-chart-line\"><\/i> <\/span><span class=\"JsGRdQ\">Yield<\/span><\/h6>\n<div class=\"page\" title=\"Page 1\">\n<div class=\"section\">\n<div class=\"layoutArea\">\n<div class=\"column\">\n<p>45hl\/ha<\/p>\n<\/div>\n<\/div>\n<\/div>\n<\/div>\n<h6><span class=\"JsGRdQ\"><i class=\"fas fa-cheese\"><\/i> <\/span><span class=\"JsGRdQ\">Food paring suggestions<\/span><\/h6>\n<div class=\"page\" title=\"Page 1\">\n<div class=\"section\">\n<div class=\"layoutArea\">\n<div class=\"column\">\n<p>Tomato salad with mozzarella di Bufala, basil and virgin olive oil. A Greek salad, feta cheese, dried tomatoes, black olives from Nyons and fresh tomatoes. For dessert, this wine will be perfect with a cold peach and mint soup.<\/p>\n<\/div>\n<\/div>\n<\/div>\n<\/div>\n<h6><span class=\"JsGRdQ\"><i class=\"far fa-hourglass\"><\/i> <\/span><span class=\"JsGRdQ\">Potential<\/span><\/h6>\n<div class=\"page\" title=\"Page 1\">\n<div class=\"section\">\n<div class=\"layoutArea\">\n<div class=\"column\">\n<p>A\u0300 boire dans l&rsquo;anne\u0301e. Se de\u0301guste encore mieux l&rsquo;anne\u0301e d&rsquo;apre\u0300s.<\/p>\n<\/div>\n<\/div>\n<\/div>\n<\/div>\n<h6><i class=\"far fa-file-pdf\"><\/i> Download the technical sheet<\/h6>\n<p><a href=\"https:\/\/www.grandjacquet.fr\/wp-content\/uploads\/2023\/10\/les-grandes-dames-rose-anglais.pdf\" target=\"_blank\" rel=\"noopener\">les grandes dames ros\u00e9<\/a><\/p>","protected":false},"excerpt":{"rendered":"<div class=\"page\" title=\"Page 1\">\n<div class=\"section\">\n<div class=\"layoutArea\">\n<div class=\"column\">\n<p>Robe with a mango tint. Notes of strawberry compote and grey pepper. The mouth is fleshy.<\/p>\n<\/div>\n<\/div>\n<\/div>\n<\/div>","protected":false},"featured_media":15380,"template":"","meta":{"_kad_post_transparent":"default","_kad_post_title":"","_kad_post_layout":"default","_kad_post_sidebar_id":"","_kad_post_content_style":"default","_kad_post_vertical_padding":"default","_kad_post_feature":"","_kad_post_feature_position":"","_kad_post_header":false,"_kad_post_footer":false,"_kad_post_classname":""},"product_brand":[],"product_cat":[46],"product_tag":[],"class_list":{"0":"post-15379","1":"product","2":"type-product","3":"status-publish","4":"has-post-thumbnail","6":"product_cat-les-grandes-dames","8":"first","9":"outofstock","10":"taxable","11":"shipping-taxable","12":"purchasable","13":"product-type-simple","14":"entry","15":"content-bg","16":"loop-entry"},"yoast_head":"<!-- This site is optimized with the Yoast SEO plugin v27.5 - https:\/\/yoast.com\/product\/yoast-seo-wordpress\/ -->\n<title>les grandes dames ros\u00e9 | IGP Vaucluse | Grand Jacquet<\/title>\n<meta name=\"description\" content=\"Les grandes dames ros\u00e9, une robe \u00e0 teinte mangue. On y trouve des notes de compote de fraise et de poivre gris. La bouche est charnue.\" \/>\n<meta name=\"robots\" content=\"index, follow, max-snippet:-1, max-image-preview:large, max-video-preview:-1\" \/>\n<link rel=\"canonical\" href=\"https:\/\/www.grandjacquet.fr\/en\/la-boutique-en-ligne\/les-grandes-dames-rose-2025\/\" \/>\n<meta property=\"og:locale\" content=\"en_GB\" \/>\n<meta property=\"og:type\" content=\"article\" \/>\n<meta property=\"og:title\" content=\"les grandes dames ros\u00e9 | IGP Vaucluse | Grand Jacquet\" \/>\n<meta property=\"og:description\" content=\"Les grandes dames ros\u00e9, une robe \u00e0 teinte mangue. On y trouve des notes de compote de fraise et de poivre gris. La bouche est charnue.\" \/>\n<meta property=\"og:url\" content=\"https:\/\/www.grandjacquet.fr\/en\/la-boutique-en-ligne\/les-grandes-dames-rose-2025\/\" \/>\n<meta property=\"og:site_name\" content=\"Grand Jacquet\" \/>\n<meta property=\"article:publisher\" content=\"https:\/\/www.facebook.com\/people\/Domaine-Grand-Jacquet\/100063467950836\/\" \/>\n<meta property=\"article:modified_time\" content=\"2026-01-30T15:36:03+00:00\" \/>\n<meta property=\"og:image\" content=\"https:\/\/www.grandjacquet.fr\/wp-content\/uploads\/2023\/04\/6.png\" \/>\n\t<meta property=\"og:image:width\" content=\"1080\" \/>\n\t<meta property=\"og:image:height\" content=\"1080\" \/>\n\t<meta property=\"og:image:type\" content=\"image\/png\" \/>\n<meta name=\"twitter:card\" content=\"summary_large_image\" \/>\n<meta name=\"twitter:site\" content=\"@domgrandjacquet\" \/>\n<script type=\"application\/ld+json\" class=\"yoast-schema-graph\">{\"@context\":\"https:\\\/\\\/schema.org\",\"@graph\":[{\"@type\":\"WebPage\",\"@id\":\"https:\\\/\\\/www.grandjacquet.fr\\\/la-boutique-en-ligne\\\/les-grandes-dames-rose-2025\\\/\",\"url\":\"https:\\\/\\\/www.grandjacquet.fr\\\/la-boutique-en-ligne\\\/les-grandes-dames-rose-2025\\\/\",\"name\":\"les grandes dames ros\u00e9 | IGP Vaucluse | Grand Jacquet\",\"isPartOf\":{\"@id\":\"https:\\\/\\\/www.grandjacquet.fr\\\/#website\"},\"primaryImageOfPage\":{\"@id\":\"https:\\\/\\\/www.grandjacquet.fr\\\/la-boutique-en-ligne\\\/les-grandes-dames-rose-2025\\\/#primaryimage\"},\"image\":{\"@id\":\"https:\\\/\\\/www.grandjacquet.fr\\\/la-boutique-en-ligne\\\/les-grandes-dames-rose-2025\\\/#primaryimage\"},\"thumbnailUrl\":\"https:\\\/\\\/www.grandjacquet.fr\\\/wp-content\\\/uploads\\\/2023\\\/04\\\/6.png\",\"datePublished\":\"2023-04-19T12:34:49+00:00\",\"dateModified\":\"2026-01-30T15:36:03+00:00\",\"description\":\"Les grandes dames ros\u00e9, une robe \u00e0 teinte mangue. On y trouve des notes de compote de fraise et de poivre gris. La bouche est charnue.\",\"breadcrumb\":{\"@id\":\"https:\\\/\\\/www.grandjacquet.fr\\\/la-boutique-en-ligne\\\/les-grandes-dames-rose-2025\\\/#breadcrumb\"},\"inLanguage\":\"en-GB\",\"potentialAction\":[{\"@type\":\"ReadAction\",\"target\":[\"https:\\\/\\\/www.grandjacquet.fr\\\/la-boutique-en-ligne\\\/les-grandes-dames-rose-2025\\\/\"]}]},{\"@type\":\"ImageObject\",\"inLanguage\":\"en-GB\",\"@id\":\"https:\\\/\\\/www.grandjacquet.fr\\\/la-boutique-en-ligne\\\/les-grandes-dames-rose-2025\\\/#primaryimage\",\"url\":\"https:\\\/\\\/www.grandjacquet.fr\\\/wp-content\\\/uploads\\\/2023\\\/04\\\/6.png\",\"contentUrl\":\"https:\\\/\\\/www.grandjacquet.fr\\\/wp-content\\\/uploads\\\/2023\\\/04\\\/6.png\",\"width\":1080,\"height\":1080,\"caption\":\"les grandes dames ros\u00e9\"},{\"@type\":\"BreadcrumbList\",\"@id\":\"https:\\\/\\\/www.grandjacquet.fr\\\/la-boutique-en-ligne\\\/les-grandes-dames-rose-2025\\\/#breadcrumb\",\"itemListElement\":[{\"@type\":\"ListItem\",\"position\":1,\"name\":\"Accueil\",\"item\":\"https:\\\/\\\/www.grandjacquet.fr\\\/\"},{\"@type\":\"ListItem\",\"position\":2,\"name\":\"La boutique en ligne\",\"item\":\"https:\\\/\\\/www.grandjacquet.fr\\\/la-boutique-en-ligne\\\/\"},{\"@type\":\"ListItem\",\"position\":3,\"name\":\"les grandes dames &#8211; ros\u00e9 2025\"}]},{\"@type\":\"WebSite\",\"@id\":\"https:\\\/\\\/www.grandjacquet.fr\\\/#website\",\"url\":\"https:\\\/\\\/www.grandjacquet.fr\\\/\",\"name\":\"Grand Jacquet\",\"description\":\"\",\"publisher\":{\"@id\":\"https:\\\/\\\/www.grandjacquet.fr\\\/#organization\"},\"potentialAction\":[{\"@type\":\"SearchAction\",\"target\":{\"@type\":\"EntryPoint\",\"urlTemplate\":\"https:\\\/\\\/www.grandjacquet.fr\\\/?s={search_term_string}\"},\"query-input\":{\"@type\":\"PropertyValueSpecification\",\"valueRequired\":true,\"valueName\":\"search_term_string\"}}],\"inLanguage\":\"en-GB\"},{\"@type\":\"Organization\",\"@id\":\"https:\\\/\\\/www.grandjacquet.fr\\\/#organization\",\"name\":\"Domaine du Grand Jacquet\",\"alternateName\":\"Domaine Grand Jacquet\",\"url\":\"https:\\\/\\\/www.grandjacquet.fr\\\/\",\"logo\":{\"@type\":\"ImageObject\",\"inLanguage\":\"en-GB\",\"@id\":\"https:\\\/\\\/www.grandjacquet.fr\\\/#\\\/schema\\\/logo\\\/image\\\/\",\"url\":\"https:\\\/\\\/www.grandjacquet.fr\\\/wp-content\\\/uploads\\\/2022\\\/05\\\/lechene.png\",\"contentUrl\":\"https:\\\/\\\/www.grandjacquet.fr\\\/wp-content\\\/uploads\\\/2022\\\/05\\\/lechene.png\",\"width\":126,\"height\":95,\"caption\":\"Domaine du Grand Jacquet\"},\"image\":{\"@id\":\"https:\\\/\\\/www.grandjacquet.fr\\\/#\\\/schema\\\/logo\\\/image\\\/\"},\"sameAs\":[\"https:\\\/\\\/www.facebook.com\\\/people\\\/Domaine-Grand-Jacquet\\\/100063467950836\\\/\",\"https:\\\/\\\/x.com\\\/domgrandjacquet\",\"https:\\\/\\\/www.instagram.com\\\/domainegrandjacquet\\\/?hl=fr\"]}]}<\/script>\n<!-- \/ Yoast SEO plugin. -->","yoast_head_json":{"title":"les grandes dames ros\u00e9 | IGP Vaucluse | Grand Jacquet","description":"Les grandes dames ros\u00e9, une robe \u00e0 teinte mangue. On y trouve des notes de compote de fraise et de poivre gris. La bouche est charnue.","robots":{"index":"index","follow":"follow","max-snippet":"max-snippet:-1","max-image-preview":"max-image-preview:large","max-video-preview":"max-video-preview:-1"},"canonical":"https:\/\/www.grandjacquet.fr\/en\/la-boutique-en-ligne\/les-grandes-dames-rose-2025\/","og_locale":"en_GB","og_type":"article","og_title":"les grandes dames ros\u00e9 | IGP Vaucluse | Grand Jacquet","og_description":"Les grandes dames ros\u00e9, une robe \u00e0 teinte mangue. On y trouve des notes de compote de fraise et de poivre gris. La bouche est charnue.","og_url":"https:\/\/www.grandjacquet.fr\/en\/la-boutique-en-ligne\/les-grandes-dames-rose-2025\/","og_site_name":"Grand Jacquet","article_publisher":"https:\/\/www.facebook.com\/people\/Domaine-Grand-Jacquet\/100063467950836\/","article_modified_time":"2026-01-30T15:36:03+00:00","og_image":[{"width":1080,"height":1080,"url":"https:\/\/www.grandjacquet.fr\/wp-content\/uploads\/2023\/04\/6.png","type":"image\/png"}],"twitter_card":"summary_large_image","twitter_site":"@domgrandjacquet","schema":{"@context":"https:\/\/schema.org","@graph":[{"@type":"WebPage","@id":"https:\/\/www.grandjacquet.fr\/la-boutique-en-ligne\/les-grandes-dames-rose-2025\/","url":"https:\/\/www.grandjacquet.fr\/la-boutique-en-ligne\/les-grandes-dames-rose-2025\/","name":"les grandes dames ros\u00e9 | IGP Vaucluse | Grand Jacquet","isPartOf":{"@id":"https:\/\/www.grandjacquet.fr\/#website"},"primaryImageOfPage":{"@id":"https:\/\/www.grandjacquet.fr\/la-boutique-en-ligne\/les-grandes-dames-rose-2025\/#primaryimage"},"image":{"@id":"https:\/\/www.grandjacquet.fr\/la-boutique-en-ligne\/les-grandes-dames-rose-2025\/#primaryimage"},"thumbnailUrl":"https:\/\/www.grandjacquet.fr\/wp-content\/uploads\/2023\/04\/6.png","datePublished":"2023-04-19T12:34:49+00:00","dateModified":"2026-01-30T15:36:03+00:00","description":"Les grandes dames ros\u00e9, une robe \u00e0 teinte mangue. On y trouve des notes de compote de fraise et de poivre gris. La bouche est charnue.","breadcrumb":{"@id":"https:\/\/www.grandjacquet.fr\/la-boutique-en-ligne\/les-grandes-dames-rose-2025\/#breadcrumb"},"inLanguage":"en-GB","potentialAction":[{"@type":"ReadAction","target":["https:\/\/www.grandjacquet.fr\/la-boutique-en-ligne\/les-grandes-dames-rose-2025\/"]}]},{"@type":"ImageObject","inLanguage":"en-GB","@id":"https:\/\/www.grandjacquet.fr\/la-boutique-en-ligne\/les-grandes-dames-rose-2025\/#primaryimage","url":"https:\/\/www.grandjacquet.fr\/wp-content\/uploads\/2023\/04\/6.png","contentUrl":"https:\/\/www.grandjacquet.fr\/wp-content\/uploads\/2023\/04\/6.png","width":1080,"height":1080,"caption":"les grandes dames ros\u00e9"},{"@type":"BreadcrumbList","@id":"https:\/\/www.grandjacquet.fr\/la-boutique-en-ligne\/les-grandes-dames-rose-2025\/#breadcrumb","itemListElement":[{"@type":"ListItem","position":1,"name":"Accueil","item":"https:\/\/www.grandjacquet.fr\/"},{"@type":"ListItem","position":2,"name":"La boutique en ligne","item":"https:\/\/www.grandjacquet.fr\/la-boutique-en-ligne\/"},{"@type":"ListItem","position":3,"name":"les grandes dames &#8211; ros\u00e9 2025"}]},{"@type":"WebSite","@id":"https:\/\/www.grandjacquet.fr\/#website","url":"https:\/\/www.grandjacquet.fr\/","name":"Grand Jacquet","description":"","publisher":{"@id":"https:\/\/www.grandjacquet.fr\/#organization"},"potentialAction":[{"@type":"SearchAction","target":{"@type":"EntryPoint","urlTemplate":"https:\/\/www.grandjacquet.fr\/?s={search_term_string}"},"query-input":{"@type":"PropertyValueSpecification","valueRequired":true,"valueName":"search_term_string"}}],"inLanguage":"en-GB"},{"@type":"Organization","@id":"https:\/\/www.grandjacquet.fr\/#organization","name":"Domaine du Grand Jacquet","alternateName":"Domaine Grand Jacquet","url":"https:\/\/www.grandjacquet.fr\/","logo":{"@type":"ImageObject","inLanguage":"en-GB","@id":"https:\/\/www.grandjacquet.fr\/#\/schema\/logo\/image\/","url":"https:\/\/www.grandjacquet.fr\/wp-content\/uploads\/2022\/05\/lechene.png","contentUrl":"https:\/\/www.grandjacquet.fr\/wp-content\/uploads\/2022\/05\/lechene.png","width":126,"height":95,"caption":"Domaine du Grand Jacquet"},"image":{"@id":"https:\/\/www.grandjacquet.fr\/#\/schema\/logo\/image\/"},"sameAs":["https:\/\/www.facebook.com\/people\/Domaine-Grand-Jacquet\/100063467950836\/","https:\/\/x.com\/domgrandjacquet","https:\/\/www.instagram.com\/domainegrandjacquet\/?hl=fr"]}]}},"_links":{"self":[{"href":"http:\/\/www.grandjacquet.fr\/en\/wp-json\/wp\/v2\/product\/15379","targetHints":{"allow":["GET"]}}],"collection":[{"href":"http:\/\/www.grandjacquet.fr\/en\/wp-json\/wp\/v2\/product"}],"about":[{"href":"http:\/\/www.grandjacquet.fr\/en\/wp-json\/wp\/v2\/types\/product"}],"wp:featuredmedia":[{"embeddable":true,"href":"http:\/\/www.grandjacquet.fr\/en\/wp-json\/wp\/v2\/media\/15380"}],"wp:attachment":[{"href":"http:\/\/www.grandjacquet.fr\/en\/wp-json\/wp\/v2\/media?parent=15379"}],"wp:term":[{"taxonomy":"product_brand","embeddable":true,"href":"http:\/\/www.grandjacquet.fr\/en\/wp-json\/wp\/v2\/product_brand?post=15379"},{"taxonomy":"product_cat","embeddable":true,"href":"http:\/\/www.grandjacquet.fr\/en\/wp-json\/wp\/v2\/product_cat?post=15379"},{"taxonomy":"product_tag","embeddable":true,"href":"http:\/\/www.grandjacquet.fr\/en\/wp-json\/wp\/v2\/product_tag?post=15379"}],"curies":[{"name":"wp","href":"https:\/\/api.w.org\/{rel}","templated":true}]}}